{"id":480112,"date":"2025-04-07T16:53:00","date_gmt":"2025-04-07T16:53:00","guid":{"rendered":"https:\/\/lucacastelli.com\/prodotto\/crazy-obere-pause\/"},"modified":"2026-04-16T01:02:40","modified_gmt":"2026-04-15T23:02:40","slug":"crazy-obere-pause","status":"publish","type":"product","link":"https:\/\/lucacastelli.com\/de\/produkt\/crazy-obere-pause\/","title":{"rendered":"CRAZY OBERE PAUSE"},"content":{"rendered":"<p>Das Top Break ist unser doppellagiges Tank-Top aus \u00fcbereinanderliegendem Gewebe, entwickelt f\u00fcr Outdoor-Aktivit\u00e4ten und Trekking. Dieses Jahr komplett neu gestaltet f\u00fcr einen noch stylischeren Look.<br \/>\nEs f\u00e4llt durch seine auff\u00e4lligen Prints und leuchtenden Farben auf, bietet aber auch technische Raffinesse dank des inneren Mikrofaser-melange-Gewebes mit Rapiddry-Technologie und des \u00e4u\u00dferen atmungsaktiven Netzgewebes mit schnelltrocknender Behandlung.<br \/>\nEs hat weiche Tr\u00e4ger, einen integrierten BH und eine einzigartige Passform. <\/p>\n<p>&nbsp;<\/p>\n<p>\u2022 Doppellagiges, hochatmungsaktives Gewebe<br \/>\n\u2022 Integrierter BH<br \/>\n\u2022 Exklusive Prints<\/p>\n","protected":false},"excerpt":{"rendered":"<p>Das Top Break ist unser doppellagiges Tank-Top aus \u00fcbereinanderliegendem Gewebe, entwickelt f\u00fcr Outdoor-Aktivit\u00e4ten und Trekking. Dieses Jahr komplett neu gestaltet<\/p>\n","protected":false},"featured_media":403601,"template":"","meta":{"_seopress_robots_primary_cat":"","_seopress_titles_title":"","_seopress_titles_desc":"","_seopress_robots_index":""},"product_brand":[3614],"product_cat":[1388,974,82],"product_tag":[],"class_list":{"0":"post-480112","1":"product","2":"type-product","3":"status-publish","4":"has-post-thumbnail","6":"product_brand-crazy-de","7":"product_cat-damenbekleidung","8":"product_cat-freizeitkleidung","9":"product_cat-kleidung","10":"sws-gruppo-abb-libero-de","11":"sws-conto-ricavi-merci-rivendita-abbigliamento-de","12":"sws-gruppo-iva-iva81-de","14":"first","15":"instock","16":"sale","17":"shipping-taxable","18":"purchasable","19":"product-type-variable"},"_links":{"self":[{"href":"https:\/\/lucacastelli.com\/de\/wp-json\/wp\/v2\/product\/480112","targetHints":{"allow":["GET"]}}],"collection":[{"href":"https:\/\/lucacastelli.com\/de\/wp-json\/wp\/v2\/product"}],"about":[{"href":"https:\/\/lucacastelli.com\/de\/wp-json\/wp\/v2\/types\/product"}],"wp:featuredmedia":[{"embeddable":true,"href":"https:\/\/lucacastelli.com\/de\/wp-json\/wp\/v2\/media\/403601"}],"wp:attachment":[{"href":"https:\/\/lucacastelli.com\/de\/wp-json\/wp\/v2\/media?parent=480112"}],"wp:term":[{"taxonomy":"product_brand","embeddable":true,"href":"https:\/\/lucacastelli.com\/de\/wp-json\/wp\/v2\/product_brand?post=480112"},{"taxonomy":"product_cat","embeddable":true,"href":"https:\/\/lucacastelli.com\/de\/wp-json\/wp\/v2\/product_cat?post=480112"},{"taxonomy":"product_tag","embeddable":true,"href":"https:\/\/lucacastelli.com\/de\/wp-json\/wp\/v2\/product_tag?post=480112"}],"curies":[{"name":"wp","href":"https:\/\/api.w.org\/{rel}","templated":true}]}}