{"id":480072,"date":"2025-04-07T16:53:00","date_gmt":"2025-04-07T16:53:00","guid":{"rendered":"https:\/\/lucacastelli.com\/prodotto\/crazy-leggings-cute-light\/"},"modified":"2026-04-16T01:02:42","modified_gmt":"2026-04-15T23:02:42","slug":"crazy-leggings-cute-light","status":"publish","type":"product","link":"https:\/\/lucacastelli.com\/de\/produkt\/crazy-leggings-cute-light\/","title":{"rendered":"CRAZY LEGGINGS CUTE LIGHT"},"content":{"rendered":"<p>Brandneue Leggings \u2013 unglaublich bequem, stylisch und elastisch!<br \/>\nDie technische Konstruktion macht sie ideal f\u00fcr Sport, Laufen sowie den Alltag. Das extrem funktionelle Gewebe garantiert Komfort und beh\u00e4lt seine Elastizit\u00e4t \u00fcber lange Zeit bei, selbst bei st\u00e4ndiger Beanspruchung im Kniebereich. Das Modell besticht durch liebevolle Details und Schnitte, die die weibliche Silhouette betonen.<br \/>\nDer hohe Bund h\u00e4lt den Bauchbereich warm, w\u00e4hrend zwei unsichtbare Oberschenkeltaschen mit Sicherheitsverschluss Platz f\u00fcr das Handy oder andere Gegenst\u00e4nde bieten. Erh\u00e4ltlich mit seitlichem Zebra-Print oder einfarbig mit N\u00e4hten, die auf die Farbwelten der Kollektion abgestimmt sind.  <\/p>\n<p>&nbsp;<\/p>\n<p>Hochelastisches, blickdichtes und formstabiles Gewebe<\/p>\n<p>\u2022 Zwei unsichtbare Taschen mit Sicherheitsverschluss<\/p>\n<p>\u2022 Flachn\u00e4hte in Kontrastfarbe<br \/>\n\u2022 Reflektierende Logos<\/p>\n<p>Gewicht: 190 g<\/p>\n","protected":false},"excerpt":{"rendered":"<p>Brandneue Leggings \u2013 unglaublich bequem, stylisch und elastisch! Die technische Konstruktion macht sie ideal f\u00fcr Sport, Laufen sowie den Alltag.<\/p>\n","protected":false},"featured_media":403546,"template":"","meta":{"_seopress_robots_primary_cat":"","_seopress_titles_title":"","_seopress_titles_desc":"","_seopress_robots_index":""},"product_brand":[3614],"product_cat":[1388,974,82],"product_tag":[],"class_list":{"0":"post-480072","1":"product","2":"type-product","3":"status-publish","4":"has-post-thumbnail","6":"product_brand-crazy-de","7":"product_cat-damenbekleidung","8":"product_cat-freizeitkleidung","9":"product_cat-kleidung","10":"sws-gruppo-abb-libero-de","11":"sws-conto-ricavi-merci-rivendita-abbigliamento-de","12":"sws-gruppo-iva-iva81-de","14":"first","15":"instock","16":"sale","17":"shipping-taxable","18":"purchasable","19":"product-type-variable"},"_links":{"self":[{"href":"https:\/\/lucacastelli.com\/de\/wp-json\/wp\/v2\/product\/480072","targetHints":{"allow":["GET"]}}],"collection":[{"href":"https:\/\/lucacastelli.com\/de\/wp-json\/wp\/v2\/product"}],"about":[{"href":"https:\/\/lucacastelli.com\/de\/wp-json\/wp\/v2\/types\/product"}],"wp:featuredmedia":[{"embeddable":true,"href":"https:\/\/lucacastelli.com\/de\/wp-json\/wp\/v2\/media\/403546"}],"wp:attachment":[{"href":"https:\/\/lucacastelli.com\/de\/wp-json\/wp\/v2\/media?parent=480072"}],"wp:term":[{"taxonomy":"product_brand","embeddable":true,"href":"https:\/\/lucacastelli.com\/de\/wp-json\/wp\/v2\/product_brand?post=480072"},{"taxonomy":"product_cat","embeddable":true,"href":"https:\/\/lucacastelli.com\/de\/wp-json\/wp\/v2\/product_cat?post=480072"},{"taxonomy":"product_tag","embeddable":true,"href":"https:\/\/lucacastelli.com\/de\/wp-json\/wp\/v2\/product_tag?post=480072"}],"curies":[{"name":"wp","href":"https:\/\/api.w.org\/{rel}","templated":true}]}}