{"id":480032,"date":"2025-04-07T16:53:00","date_gmt":"2025-04-07T16:53:00","guid":{"rendered":"https:\/\/lucacastelli.com\/prodotto\/crazy-kurzer-ausgang\/"},"modified":"2026-04-16T01:25:10","modified_gmt":"2026-04-15T23:25:10","slug":"crazy-kurzer-ausgang","status":"publish","type":"product","link":"https:\/\/lucacastelli.com\/de\/produkt\/crazy-kurzer-ausgang\/","title":{"rendered":"CRAZY SHORT EXIT"},"content":{"rendered":"<p>BEGRIFF<\/p>\n<p>Die Short Exit geh\u00f6rt zur Exit-Hosenfamilie, die sich durch drei verschiedene L\u00e4ngen auszeichnet, die f\u00fcr alle Gelegenheiten genutzt werden k\u00f6nnen. Das Design der Short ist schlicht und passt zu allen Oberteilen der Kollektion und zeichnet sich durch eine sehr \u00e4sthetische Passform aus, die die Weiblichkeit betont und in diesem Jahr in den Linien erneuert wurde. Hergestellt aus einem luxuri\u00f6sen, frischen und bi-elastischen Canvas-Gewebe, ist es ein Kleidungsst\u00fcck ganz im Zeichen des Komforts, in den Bergen ebenso wie in der Stadt.<br \/>\nTrotz seiner Weichheit ist das Gewebe wasserabweisend behandelt und \u00e4usserst rei\u00df- und abriebfest. Der elastische Bund sorgt f\u00fcr aussergew\u00f6hnlichen Komfort und bietet Halt, ohne zu st\u00f6ren. <\/p>\n<p>&nbsp;<\/p>\n<p>FEATURES<br \/>\n\u2022 Elastischer Bund<br \/>\n\u2022 Reflektierende Logos<br \/>\n\u2022 Seitentaschen<br \/>\n\u2022 Kontrastn\u00e4hte<\/p>\n","protected":false},"excerpt":{"rendered":"<p>BEGRIFF Die Short Exit geh\u00f6rt zur Exit-Hosenfamilie, die sich durch drei verschiedene L\u00e4ngen auszeichnet, die f\u00fcr alle Gelegenheiten genutzt werden<\/p>\n","protected":false},"featured_media":403509,"template":"","meta":{"_seopress_robots_primary_cat":"","_seopress_titles_title":"","_seopress_titles_desc":"","_seopress_robots_index":""},"product_brand":[3614],"product_cat":[82,974,1388],"product_tag":[],"class_list":{"0":"post-480032","1":"product","2":"type-product","3":"status-publish","4":"has-post-thumbnail","6":"product_brand-crazy-de","7":"product_cat-kleidung","8":"product_cat-freizeitkleidung","9":"product_cat-damenbekleidung","10":"sws-gruppo-abb-libero-de","11":"sws-conto-ricavi-merci-rivendita-abbigliamento-de","12":"sws-gruppo-iva-iva81-de","14":"first","15":"instock","16":"sale","17":"shipping-taxable","18":"purchasable","19":"product-type-variable"},"_links":{"self":[{"href":"https:\/\/lucacastelli.com\/de\/wp-json\/wp\/v2\/product\/480032","targetHints":{"allow":["GET"]}}],"collection":[{"href":"https:\/\/lucacastelli.com\/de\/wp-json\/wp\/v2\/product"}],"about":[{"href":"https:\/\/lucacastelli.com\/de\/wp-json\/wp\/v2\/types\/product"}],"wp:featuredmedia":[{"embeddable":true,"href":"https:\/\/lucacastelli.com\/de\/wp-json\/wp\/v2\/media\/403509"}],"wp:attachment":[{"href":"https:\/\/lucacastelli.com\/de\/wp-json\/wp\/v2\/media?parent=480032"}],"wp:term":[{"taxonomy":"product_brand","embeddable":true,"href":"https:\/\/lucacastelli.com\/de\/wp-json\/wp\/v2\/product_brand?post=480032"},{"taxonomy":"product_cat","embeddable":true,"href":"https:\/\/lucacastelli.com\/de\/wp-json\/wp\/v2\/product_cat?post=480032"},{"taxonomy":"product_tag","embeddable":true,"href":"https:\/\/lucacastelli.com\/de\/wp-json\/wp\/v2\/product_tag?post=480032"}],"curies":[{"name":"wp","href":"https:\/\/api.w.org\/{rel}","templated":true}]}}