{"id":479982,"date":"2025-04-07T16:53:00","date_gmt":"2025-04-07T16:53:00","guid":{"rendered":"https:\/\/lucacastelli.com\/prodotto\/crazy-pull-exit-extrafleece-kaugummi\/"},"modified":"2026-04-16T02:03:15","modified_gmt":"2026-04-16T00:03:15","slug":"crazy-pull-exit-extrafleece-kaugummi","status":"publish","type":"product","link":"https:\/\/lucacastelli.com\/de\/produkt\/crazy-pull-exit-extrafleece-kaugummi\/","title":{"rendered":"CRAZY PULL EXIT EXTRAFLEECE CHEWING GUM"},"content":{"rendered":"<p>KONZEPT<\/p>\n<p>Warmes und unglaublich weiches Oberteil \u2013 dieses Jahr komplett aktualisiert mit einem eleganteren und feminineren Look als je zuvor, dank eines neuen Schnitts und bestickter Details. Der Pull Exit ist der w\u00e4rmste Midlayer unserer Kategorie \u201eBase Camp\u201c, das ideale Kleidungsst\u00fcck f\u00fcr Spazierg\u00e4nge an k\u00e4ltesten Tagen oder zum Tragen im Zentrum \u2013 ohne auf den au\u00dfergew\u00f6hnlichen Komfort unseres pelz\u00e4hnlichen Fluffy-Gewebes zu verzichten. Der Saum, die Achselbereiche und die k\u00f6rperzugewandten \u00c4rmeleins\u00e4tze bestehen aus technischem HP-Fleece \u2013 in einer Hybridkonstruktion, die Atmungsaktivit\u00e4t und perfekte Passform garantiert. Neben dem durchgehenden Frontrei\u00dfverschluss und den Einschubtaschen mit elastischem Verschluss zeichnet sich das neue Modell durch Flachn\u00e4hte in Kontrastfarben aus.   <\/p>\n<p>EIGENSCHAFTEN<br \/>\n&#8211; Hybrid-Oberteil aus technischem Gewebe und pelzweichem Material &#8211; Sch\u00fctzender Stehkragen<br \/>\n&#8211; Durchgehender Front-Rei\u00dfverschluss<br \/>\n&#8211; Einschubtaschen mit Rei\u00dfverschluss<br \/>\n&#8211; Flachn\u00e4hte in Kontrastfarbe<\/p>\n","protected":false},"excerpt":{"rendered":"<p>KONZEPT Warmes und unglaublich weiches Oberteil \u2013 dieses Jahr komplett aktualisiert mit einem eleganteren und feminineren Look als je zuvor,<\/p>\n","protected":false},"featured_media":99309,"template":"","meta":{"_seopress_robots_primary_cat":"","_seopress_titles_title":"","_seopress_titles_desc":"","_seopress_robots_index":""},"product_brand":[3413],"product_cat":[21,189,200],"product_tag":[],"class_list":{"0":"post-479982","1":"product","2":"type-product","3":"status-publish","4":"has-post-thumbnail","6":"product_brand-crazy","7":"product_cat-abbigliamento","8":"product_cat-abbigliamento-per-il-tempo-libero","9":"product_cat-abbigliamento-da-donna","10":"sws-gruppo-abb-libero-de","11":"sws-conto-ricavi-merci-rivendita-abbigliamento-de","12":"sws-gruppo-iva-iva81-de","14":"first","15":"instock","16":"sale","17":"shipping-taxable","18":"purchasable","19":"product-type-variable"},"_links":{"self":[{"href":"https:\/\/lucacastelli.com\/de\/wp-json\/wp\/v2\/product\/479982","targetHints":{"allow":["GET"]}}],"collection":[{"href":"https:\/\/lucacastelli.com\/de\/wp-json\/wp\/v2\/product"}],"about":[{"href":"https:\/\/lucacastelli.com\/de\/wp-json\/wp\/v2\/types\/product"}],"wp:featuredmedia":[{"embeddable":true,"href":"https:\/\/lucacastelli.com\/de\/wp-json\/wp\/v2\/media\/99309"}],"wp:attachment":[{"href":"https:\/\/lucacastelli.com\/de\/wp-json\/wp\/v2\/media?parent=479982"}],"wp:term":[{"taxonomy":"product_brand","embeddable":true,"href":"https:\/\/lucacastelli.com\/de\/wp-json\/wp\/v2\/product_brand?post=479982"},{"taxonomy":"product_cat","embeddable":true,"href":"https:\/\/lucacastelli.com\/de\/wp-json\/wp\/v2\/product_cat?post=479982"},{"taxonomy":"product_tag","embeddable":true,"href":"https:\/\/lucacastelli.com\/de\/wp-json\/wp\/v2\/product_tag?post=479982"}],"curies":[{"name":"wp","href":"https:\/\/api.w.org\/{rel}","templated":true}]}}