{"id":479961,"date":"2024-03-28T13:53:17","date_gmt":"2024-03-28T12:53:17","guid":{"rendered":"https:\/\/lucacastelli.com\/?post_type=product&#038;p=479961"},"modified":"2026-03-01T00:26:34","modified_gmt":"2026-02-28T23:26:34","slug":"crazy-top-nachher","status":"publish","type":"product","link":"https:\/\/lucacastelli.com\/de\/produkt\/crazy-top-nachher\/","title":{"rendered":"CRAZY TOP NACHHER"},"content":{"rendered":"<p>KONZEPT<br \/>\nDas After Tanktop zeugt von der F\u00e4higkeit von Crazy, Funktionalit\u00e4t, Stil und Farben in ein und demselben Kleidungsst\u00fcck zu vereinen. Das ist die Philosophie hinter unseren &#8220;Lifestyle&#8221;-Kleidungsst\u00fccken, einer Kollektion, die speziell f\u00fcr die Freizeit entworfen wurde. Einige Versionen des Oberteils bestehen aus luftigen und nat\u00fcrlichen Hanfgarnen, w\u00e4hrend andere aus einer atmungsaktiven Mischung aus Polyester und Viskose bestehen. Das Oberteil hat einen Racer-Schnitt auf der R\u00fcckseite und einen schlanken, detaillierten unteren Saum.   <\/p>\n<p>EIGENSCHAFTEN<br \/>\n&#8211; schr\u00e4ger<br \/>\nSchnitt &#8211; bestickte<br \/>\nTr\u00e4ger und R\u00fccken &#8211; handgemachte Farbstoffe (bei einigen Versionen)<\/p>\n","protected":false},"excerpt":{"rendered":"<p>KONZEPT Das After Tanktop zeugt von der F\u00e4higkeit von Crazy, Funktionalit\u00e4t, Stil und Farben in ein und demselben Kleidungsst\u00fcck zu<\/p>\n","protected":false},"featured_media":99233,"template":"","meta":{"_seopress_robots_primary_cat":"","_seopress_titles_title":"","_seopress_titles_desc":"","_seopress_robots_index":""},"product_brand":[3614],"product_cat":[1388,974,82],"product_tag":[],"class_list":{"0":"post-479961","1":"product","2":"type-product","3":"status-publish","4":"has-post-thumbnail","6":"product_brand-crazy-de","7":"product_cat-damenbekleidung","8":"product_cat-freizeitkleidung","9":"product_cat-kleidung","10":"sws-gruppo-abb-libero-de","11":"sws-conto-ricavi-merci-rivendita-abbigliamento-de","12":"sws-gruppo-iva-iva81-de","14":"first","15":"instock","16":"shipping-taxable","17":"purchasable","18":"product-type-variable"},"_links":{"self":[{"href":"https:\/\/lucacastelli.com\/de\/wp-json\/wp\/v2\/product\/479961","targetHints":{"allow":["GET"]}}],"collection":[{"href":"https:\/\/lucacastelli.com\/de\/wp-json\/wp\/v2\/product"}],"about":[{"href":"https:\/\/lucacastelli.com\/de\/wp-json\/wp\/v2\/types\/product"}],"wp:featuredmedia":[{"embeddable":true,"href":"https:\/\/lucacastelli.com\/de\/wp-json\/wp\/v2\/media\/99233"}],"wp:attachment":[{"href":"https:\/\/lucacastelli.com\/de\/wp-json\/wp\/v2\/media?parent=479961"}],"wp:term":[{"taxonomy":"product_brand","embeddable":true,"href":"https:\/\/lucacastelli.com\/de\/wp-json\/wp\/v2\/product_brand?post=479961"},{"taxonomy":"product_cat","embeddable":true,"href":"https:\/\/lucacastelli.com\/de\/wp-json\/wp\/v2\/product_cat?post=479961"},{"taxonomy":"product_tag","embeddable":true,"href":"https:\/\/lucacastelli.com\/de\/wp-json\/wp\/v2\/product_tag?post=479961"}],"curies":[{"name":"wp","href":"https:\/\/api.w.org\/{rel}","templated":true}]}}