{"id":479949,"date":"2025-04-07T16:53:00","date_gmt":"2025-04-07T16:53:00","guid":{"rendered":"https:\/\/lucacastelli.com\/prodotto\/crazy-leggings-suess-schwarzes-zebra\/"},"modified":"2026-04-16T00:58:54","modified_gmt":"2026-04-15T22:58:54","slug":"crazy-leggings-suess-schwarzes-zebra","status":"publish","type":"product","link":"https:\/\/lucacastelli.com\/de\/produkt\/crazy-leggings-suess-schwarzes-zebra\/","title":{"rendered":"CRAZY LEGGINGS CUTE BLACK ZEBRA"},"content":{"rendered":"<p>Unsere neuesten Leggings, unglaublich bequem, elegant und elastisch!<\/p>\n<p>Der entscheidende Unterschied liegt in der Verwendung eines Gewebes mit \u00fcberlegenen Eigenschaften, das f\u00fcr den Langstrecken-Radsport entwickelt wurde und daher so konzipiert ist, dass es seine Elastizit\u00e4tsleistung \u00fcber lange Zeit beibeh\u00e4lt, selbst bei st\u00e4ndiger Beanspruchung im Kniebereich. Es handelt sich um ein extrem dehnbares italienisches Gewebe mit einer sehr weichen Innenseite und einer glatten, wasserabweisenden Aussenseite. <\/p>\n<p>Das Modell wurde bis ins kleinste Detail durchdacht, mit einem schmeichelhaften Schnitt, der jeder K\u00f6rperform steht, perfekt zum Tragen unter einem technischen Rock oder auch einer langen Jacke, wie unserer Parka Wonder Magic Shell.<\/p>\n<p>Der hohe Bund h\u00e4lt die K\u00f6rpermitte warm; an den Oberschenkeln befinden sich zwei versteckte Taschen mit sicherem Verschluss zur Aufbewahrung von Telefon und anderen Wertgegenst\u00e4nden. Erh\u00e4ltlich mit Zebra-Print an den Seiten oder unifarben, mit N\u00e4hten, die zu den Farbgeschichten der Kollektion passen. <\/p>\n<p>FEATURES<\/p>\n<p>Italienisches Gewebe mit weicher Innenseite und glatter, wasserabweisender Aussenseite<br \/>\nZwei versteckte Taschen im Bund mit Sicherheitsverschluss<\/p>\n","protected":false},"excerpt":{"rendered":"<p>Unsere neuesten Leggings, unglaublich bequem, elegant und elastisch! Der entscheidende Unterschied liegt in der Verwendung eines Gewebes mit \u00fcberlegenen Eigenschaften,<\/p>\n","protected":false},"featured_media":99285,"template":"","meta":{"_seopress_robots_primary_cat":"","_seopress_titles_title":"","_seopress_titles_desc":"","_seopress_robots_index":""},"product_brand":[3413],"product_cat":[21,189,200],"product_tag":[],"class_list":{"0":"post-479949","1":"product","2":"type-product","3":"status-publish","4":"has-post-thumbnail","6":"product_brand-crazy","7":"product_cat-abbigliamento","8":"product_cat-abbigliamento-per-il-tempo-libero","9":"product_cat-abbigliamento-da-donna","10":"sws-gruppo-abb-libero-de","11":"sws-conto-ricavi-merci-rivendita-abbigliamento-de","12":"sws-gruppo-iva-iva81-de","14":"first","15":"instock","16":"sale","17":"shipping-taxable","18":"purchasable","19":"product-type-variable"},"_links":{"self":[{"href":"https:\/\/lucacastelli.com\/de\/wp-json\/wp\/v2\/product\/479949","targetHints":{"allow":["GET"]}}],"collection":[{"href":"https:\/\/lucacastelli.com\/de\/wp-json\/wp\/v2\/product"}],"about":[{"href":"https:\/\/lucacastelli.com\/de\/wp-json\/wp\/v2\/types\/product"}],"wp:featuredmedia":[{"embeddable":true,"href":"https:\/\/lucacastelli.com\/de\/wp-json\/wp\/v2\/media\/99285"}],"wp:attachment":[{"href":"https:\/\/lucacastelli.com\/de\/wp-json\/wp\/v2\/media?parent=479949"}],"wp:term":[{"taxonomy":"product_brand","embeddable":true,"href":"https:\/\/lucacastelli.com\/de\/wp-json\/wp\/v2\/product_brand?post=479949"},{"taxonomy":"product_cat","embeddable":true,"href":"https:\/\/lucacastelli.com\/de\/wp-json\/wp\/v2\/product_cat?post=479949"},{"taxonomy":"product_tag","embeddable":true,"href":"https:\/\/lucacastelli.com\/de\/wp-json\/wp\/v2\/product_tag?post=479949"}],"curies":[{"name":"wp","href":"https:\/\/api.w.org\/{rel}","templated":true}]}}