{"id":479905,"date":"2025-04-07T16:53:00","date_gmt":"2025-04-07T16:53:00","guid":{"rendered":"https:\/\/lucacastelli.com\/prodotto\/crazy-pant-aria-light\/"},"modified":"2026-04-16T01:09:19","modified_gmt":"2026-04-15T23:09:19","slug":"crazy-pant-aria-light","status":"publish","type":"product","link":"https:\/\/lucacastelli.com\/de\/produkt\/crazy-pant-aria-light\/","title":{"rendered":"CRAZY PANT ARIA LIGHT"},"content":{"rendered":"<p>KONZEPT<br \/>\nUnser beliebtestes Teil seit Beginn; das erste Kleidungsst\u00fcck der Crazy Lifestyle-Kollektion, jetzt zu einem ikonischen Kleidungsst\u00fcck geworden.<br \/>\nErh\u00e4ltlich in verschiedenen Farbvarianten, alle aus Performance Cotton gefertigt. Der Bund ist mit einem innenliegenden Kordelzug zur Regulierung ausgestattet, w\u00e4hrend die Taschen mit Eins\u00e4tzen aus Liberty London veredelt sind \u2013 f\u00fcr eine echte modische Note. Die Bein\u00f6ffnungen sind mit einem elastischen, kn\u00f6chelanliegenden B\u00fcndchen versehen.  <\/p>\n<p>EIGENSCHAFTEN<br \/>\n&#8211; leistungsf\u00e4higes Gewebe aus Baumwolle oder Indigo-Denim<br \/>\n&#8211; bequemer Gummizug im Bund<br \/>\n&#8211; Tascheneins\u00e4tze aus Liberty London<br \/>\n&#8211; elastisches B\u00fcndchen an den Bein\u00f6ffnungen<\/p>\n","protected":false},"excerpt":{"rendered":"<p>KONZEPT Unser beliebtestes Teil seit Beginn; das erste Kleidungsst\u00fcck der Crazy Lifestyle-Kollektion, jetzt zu einem ikonischen Kleidungsst\u00fcck geworden. Erh\u00e4ltlich in<\/p>\n","protected":false},"featured_media":99040,"template":"","meta":{"_seopress_robots_primary_cat":"","_seopress_titles_title":"","_seopress_titles_desc":"","_seopress_robots_index":""},"product_brand":[3614],"product_cat":[1388,974,82],"product_tag":[],"class_list":{"0":"post-479905","1":"product","2":"type-product","3":"status-publish","4":"has-post-thumbnail","6":"product_brand-crazy-de","7":"product_cat-damenbekleidung","8":"product_cat-freizeitkleidung","9":"product_cat-kleidung","10":"sws-gruppo-abb-libero-de","11":"sws-conto-ricavi-merci-rivendita-abbigliamento-de","12":"sws-gruppo-iva-iva81-de","14":"first","15":"instock","16":"sale","17":"shipping-taxable","18":"purchasable","19":"product-type-variable"},"_links":{"self":[{"href":"https:\/\/lucacastelli.com\/de\/wp-json\/wp\/v2\/product\/479905","targetHints":{"allow":["GET"]}}],"collection":[{"href":"https:\/\/lucacastelli.com\/de\/wp-json\/wp\/v2\/product"}],"about":[{"href":"https:\/\/lucacastelli.com\/de\/wp-json\/wp\/v2\/types\/product"}],"wp:featuredmedia":[{"embeddable":true,"href":"https:\/\/lucacastelli.com\/de\/wp-json\/wp\/v2\/media\/99040"}],"wp:attachment":[{"href":"https:\/\/lucacastelli.com\/de\/wp-json\/wp\/v2\/media?parent=479905"}],"wp:term":[{"taxonomy":"product_brand","embeddable":true,"href":"https:\/\/lucacastelli.com\/de\/wp-json\/wp\/v2\/product_brand?post=479905"},{"taxonomy":"product_cat","embeddable":true,"href":"https:\/\/lucacastelli.com\/de\/wp-json\/wp\/v2\/product_cat?post=479905"},{"taxonomy":"product_tag","embeddable":true,"href":"https:\/\/lucacastelli.com\/de\/wp-json\/wp\/v2\/product_tag?post=479905"}],"curies":[{"name":"wp","href":"https:\/\/api.w.org\/{rel}","templated":true}]}}