{"id":479888,"date":"2025-04-07T16:53:00","date_gmt":"2025-04-07T16:53:00","guid":{"rendered":"https:\/\/lucacastelli.com\/prodotto\/crazy-t-shirt-alpinstar\/"},"modified":"2026-04-16T01:08:33","modified_gmt":"2026-04-15T23:08:33","slug":"crazy-t-shirt-alpinstar","status":"publish","type":"product","link":"https:\/\/lucacastelli.com\/de\/produkt\/crazy-t-shirt-alpinstar\/","title":{"rendered":"CRAZY T-SHIRT ALPINSTAR"},"content":{"rendered":"<p>KONZEPT<\/p>\n<p>T-Shirt mit entspannter Passform, asymmetrischer &#8220;Twist&#8221;-Konstruktion und kontrastfarbenen \u00c4rmeln. Die Farbvarianten dieses Modells und alle bedruckten Eins\u00e4tze sind aus niedrigdichtem Waben-Polyester gefertigt, w\u00e4hrend der J2-Stoff, eine leichte, luftige und schnelltrocknende Mikrofaser, f\u00fcr die &#8220;gestreifte&#8221; Ausf\u00fchrung einiger Varianten und Eins\u00e4tze verwendet wurde. Der Halsausschnitt ist weich und leicht, geeignet f\u00fcr technische Anwendungen.  <\/p>\n<p>EIGENSCHAFTEN<br \/>\n&#8211; &#8220;Twist&#8221;-Konstruktion<br \/>\n&#8211; exklusive Drucke<br \/>\n&#8211; Ausschnitt mit Schutzkante<\/p>\n","protected":false},"excerpt":{"rendered":"<p>KONZEPT T-Shirt mit entspannter Passform, asymmetrischer &#8220;Twist&#8221;-Konstruktion und kontrastfarbenen \u00c4rmeln. Die Farbvarianten dieses Modells und alle bedruckten Eins\u00e4tze sind aus<\/p>\n","protected":false},"featured_media":0,"template":"","meta":{"_seopress_robots_primary_cat":"","_seopress_titles_title":"","_seopress_titles_desc":"","_seopress_robots_index":""},"product_brand":[3614],"product_cat":[1388,974,82],"product_tag":[],"class_list":{"0":"post-479888","1":"product","2":"type-product","3":"status-publish","5":"product_brand-crazy-de","6":"product_cat-damenbekleidung","7":"product_cat-freizeitkleidung","8":"product_cat-kleidung","9":"sws-gruppo-abb-libero-de","10":"sws-conto-ricavi-merci-rivendita-abbigliamento-de","11":"sws-gruppo-iva-iva81-de","13":"first","14":"instock","15":"sale","16":"shipping-taxable","17":"purchasable","18":"product-type-variable"},"_links":{"self":[{"href":"https:\/\/lucacastelli.com\/de\/wp-json\/wp\/v2\/product\/479888","targetHints":{"allow":["GET"]}}],"collection":[{"href":"https:\/\/lucacastelli.com\/de\/wp-json\/wp\/v2\/product"}],"about":[{"href":"https:\/\/lucacastelli.com\/de\/wp-json\/wp\/v2\/types\/product"}],"wp:attachment":[{"href":"https:\/\/lucacastelli.com\/de\/wp-json\/wp\/v2\/media?parent=479888"}],"wp:term":[{"taxonomy":"product_brand","embeddable":true,"href":"https:\/\/lucacastelli.com\/de\/wp-json\/wp\/v2\/product_brand?post=479888"},{"taxonomy":"product_cat","embeddable":true,"href":"https:\/\/lucacastelli.com\/de\/wp-json\/wp\/v2\/product_cat?post=479888"},{"taxonomy":"product_tag","embeddable":true,"href":"https:\/\/lucacastelli.com\/de\/wp-json\/wp\/v2\/product_tag?post=479888"}],"curies":[{"name":"wp","href":"https:\/\/api.w.org\/{rel}","templated":true}]}}