{"id":479838,"date":"2023-04-19T09:05:10","date_gmt":"2023-04-19T07:05:10","guid":{"rendered":"https:\/\/lucacastelli.com\/?post_type=product&#038;p=479838"},"modified":"2026-03-01T00:26:14","modified_gmt":"2026-02-28T23:26:14","slug":"crazy-top-spannung","status":"publish","type":"product","link":"https:\/\/lucacastelli.com\/de\/produkt\/crazy-top-spannung\/","title":{"rendered":"CRAZY TOP-SPANNUNG"},"content":{"rendered":"<p>H\u00f6chste Leistung und Technologie f\u00fcr den Lauf, konzipiert mit all unserem Know-how im Modellbau und unserer Erfahrung in der Digitaldrucktechnik. Es handelt sich um ein innovatives Kleidungsst\u00fcck, durch die Dekonstruktion des Modells haben wir ein Bodymapping mit gelaserten Mikrol\u00f6chern erstellt, das den Anforderungen der verschiedenen Bel\u00fcftungsbereiche entspricht. Die Grafiken wurden auf den Lasern angepasst, wodurch ein noch nie dagewesener Effekt entsteht. Zum Einsatz kommt eine besonders leichte Mikrofaser. Die Tr\u00e4ger und der Saum sind ohne Saum lasergeschnitten.    <\/p>\n<p>Schnell trocknendes<br \/>\nMikrofasergewebe Differenziertes<br \/>\nLaser-Mapping Bodymapping Flache N\u00e4hte in Kontrastfarbe<\/p>\n","protected":false},"excerpt":{"rendered":"<p>H\u00f6chste Leistung und Technologie f\u00fcr den Lauf, konzipiert mit all unserem Know-how im Modellbau und unserer Erfahrung in der Digitaldrucktechnik.<\/p>\n","protected":false},"featured_media":89900,"template":"","meta":{"_seopress_robots_primary_cat":"","_seopress_titles_title":"","_seopress_titles_desc":"","_seopress_robots_index":""},"product_brand":[3413],"product_cat":[21,189,200],"product_tag":[],"class_list":{"0":"post-479838","1":"product","2":"type-product","3":"status-publish","4":"has-post-thumbnail","6":"product_brand-crazy","7":"product_cat-abbigliamento","8":"product_cat-abbigliamento-per-il-tempo-libero","9":"product_cat-abbigliamento-da-donna","10":"sws-gruppo-abb-libero","11":"sws-conto-ricavi-merci-rivendita-abbigliamento","12":"sws-gruppo-iva-iva81","14":"first","15":"instock","16":"shipping-taxable","17":"purchasable","18":"product-type-variable"},"_links":{"self":[{"href":"https:\/\/lucacastelli.com\/de\/wp-json\/wp\/v2\/product\/479838","targetHints":{"allow":["GET"]}}],"collection":[{"href":"https:\/\/lucacastelli.com\/de\/wp-json\/wp\/v2\/product"}],"about":[{"href":"https:\/\/lucacastelli.com\/de\/wp-json\/wp\/v2\/types\/product"}],"wp:featuredmedia":[{"embeddable":true,"href":"https:\/\/lucacastelli.com\/de\/wp-json\/wp\/v2\/media\/89900"}],"wp:attachment":[{"href":"https:\/\/lucacastelli.com\/de\/wp-json\/wp\/v2\/media?parent=479838"}],"wp:term":[{"taxonomy":"product_brand","embeddable":true,"href":"https:\/\/lucacastelli.com\/de\/wp-json\/wp\/v2\/product_brand?post=479838"},{"taxonomy":"product_cat","embeddable":true,"href":"https:\/\/lucacastelli.com\/de\/wp-json\/wp\/v2\/product_cat?post=479838"},{"taxonomy":"product_tag","embeddable":true,"href":"https:\/\/lucacastelli.com\/de\/wp-json\/wp\/v2\/product_tag?post=479838"}],"curies":[{"name":"wp","href":"https:\/\/api.w.org\/{rel}","templated":true}]}}