{"id":479829,"date":"2025-04-07T17:06:00","date_gmt":"2025-04-07T17:06:00","guid":{"rendered":"https:\/\/lucacastelli.com\/prodotto\/crazy-pant-ionic-light\/"},"modified":"2026-04-16T00:53:45","modified_gmt":"2026-04-15T22:53:45","slug":"crazy-pant-ionic-light","status":"publish","type":"product","link":"https:\/\/lucacastelli.com\/de\/produkt\/crazy-pant-ionic-light\/","title":{"rendered":"CRAZY PANT IONIC LIGHT"},"content":{"rendered":"<p>Reisen, Trekking und sch\u00f6ne Bergwanderungen \u2013 das ist die bevorzugte Umgebung f\u00fcr die Voyager Pant. Gefertigt aus dem Endurance-Gewebe, das wir von Crazy ausgew\u00e4hlt haben, um den Anforderungen von Trekking-Liebhabern gerecht zu werden. Es ist ein superstrapazierf\u00e4higes, bielastisches Gewebe mit DWR-Behandlung. Die technischen Merkmale sind der bequeme offene Bund, zwei Handtaschen und zwei Taschen an den Oberschenkelseiten mit Rei\u00dfverschluss. Am Beinabschluss erm\u00f6glicht eine elastische Kordel die Anpassung auch f\u00fcr die Verwendung mit Wanderschuhen.    <\/p>\n<p>2 Beintaschen mit Rei\u00dfverschluss<br \/>\n2 Handtaschen<br \/>\nOffener Bund mit Sicherheitsklettverschluss und lasergeschnittenem Flap<br \/>\nElastische Kordel am Beinabschluss mit Verstellung<\/p>\n","protected":false},"excerpt":{"rendered":"<p>Reisen, Trekking und sch\u00f6ne Bergwanderungen \u2013 das ist die bevorzugte Umgebung f\u00fcr die Voyager Pant. Gefertigt aus dem Endurance-Gewebe, das<\/p>\n","protected":false},"featured_media":91941,"template":"","meta":{"_seopress_robots_primary_cat":"","_seopress_titles_title":"","_seopress_titles_desc":"","_seopress_robots_index":""},"product_brand":[3614],"product_cat":[1388,974,82],"product_tag":[],"class_list":{"0":"post-479829","1":"product","2":"type-product","3":"status-publish","4":"has-post-thumbnail","6":"product_brand-crazy-de","7":"product_cat-damenbekleidung","8":"product_cat-freizeitkleidung","9":"product_cat-kleidung","10":"sws-gruppo-abb-libero-de","11":"sws-conto-ricavi-merci-rivendita-abbigliamento-de","12":"sws-gruppo-iva-iva81-de","14":"first","15":"instock","16":"sale","17":"shipping-taxable","18":"purchasable","19":"product-type-variable"},"_links":{"self":[{"href":"https:\/\/lucacastelli.com\/de\/wp-json\/wp\/v2\/product\/479829","targetHints":{"allow":["GET"]}}],"collection":[{"href":"https:\/\/lucacastelli.com\/de\/wp-json\/wp\/v2\/product"}],"about":[{"href":"https:\/\/lucacastelli.com\/de\/wp-json\/wp\/v2\/types\/product"}],"wp:featuredmedia":[{"embeddable":true,"href":"https:\/\/lucacastelli.com\/de\/wp-json\/wp\/v2\/media\/91941"}],"wp:attachment":[{"href":"https:\/\/lucacastelli.com\/de\/wp-json\/wp\/v2\/media?parent=479829"}],"wp:term":[{"taxonomy":"product_brand","embeddable":true,"href":"https:\/\/lucacastelli.com\/de\/wp-json\/wp\/v2\/product_brand?post=479829"},{"taxonomy":"product_cat","embeddable":true,"href":"https:\/\/lucacastelli.com\/de\/wp-json\/wp\/v2\/product_cat?post=479829"},{"taxonomy":"product_tag","embeddable":true,"href":"https:\/\/lucacastelli.com\/de\/wp-json\/wp\/v2\/product_tag?post=479829"}],"curies":[{"name":"wp","href":"https:\/\/api.w.org\/{rel}","templated":true}]}}