{"id":479825,"date":"2023-04-17T08:48:45","date_gmt":"2023-04-17T06:48:45","guid":{"rendered":"https:\/\/lucacastelli.com\/?post_type=product&#038;p=479825"},"modified":"2026-04-18T00:01:26","modified_gmt":"2026-04-17T22:01:26","slug":"crazy-obere-pause-2","status":"publish","type":"product","link":"https:\/\/lucacastelli.com\/de\/produkt\/crazy-obere-pause-2\/","title":{"rendered":"CRAZY OBERE PAUSE"},"content":{"rendered":"<p>Wenn Sie genug von den \u00fcblichen Farben haben, ist dies das ideale Tanktop f\u00fcr Outdoor-Aktivit\u00e4ten und Trekking \u2013 zweilagig, bedruckt, farbenfroh und fr\u00f6hlich. Innengewebe aus schnelltrocknender Microfibra melange, Aussenseite aus atmungsaktivem Mesh mit G2-Schnelltrocknungsbehandlung. Weiche Tr\u00e4ger, herausnehmbarer Innen-Bra, hervorragende Passform.  <\/p>\n<p>Hochgradig atmungsaktives, doppellagiges Gewebe<br \/>\nInnen-Bra<\/p>\n","protected":false},"excerpt":{"rendered":"<p>Wenn Sie genug von den \u00fcblichen Farben haben, ist dies das ideale Tanktop f\u00fcr Outdoor-Aktivit\u00e4ten und Trekking \u2013 zweilagig, bedruckt,<\/p>\n","protected":false},"featured_media":89489,"template":"","meta":{"_seopress_robots_primary_cat":"","_seopress_titles_title":"","_seopress_titles_desc":"","_seopress_robots_index":""},"product_brand":[3614],"product_cat":[1388,974,82],"product_tag":[],"class_list":{"0":"post-479825","1":"product","2":"type-product","3":"status-publish","4":"has-post-thumbnail","6":"product_brand-crazy-de","7":"product_cat-damenbekleidung","8":"product_cat-freizeitkleidung","9":"product_cat-kleidung","10":"sws-gruppo-abb-libero-de","11":"sws-conto-ricavi-merci-rivendita-abbigliamento-de","12":"sws-gruppo-iva-iva81-de","14":"first","15":"instock","16":"sale","17":"shipping-taxable","18":"product-type-variable"},"_links":{"self":[{"href":"https:\/\/lucacastelli.com\/de\/wp-json\/wp\/v2\/product\/479825","targetHints":{"allow":["GET"]}}],"collection":[{"href":"https:\/\/lucacastelli.com\/de\/wp-json\/wp\/v2\/product"}],"about":[{"href":"https:\/\/lucacastelli.com\/de\/wp-json\/wp\/v2\/types\/product"}],"wp:featuredmedia":[{"embeddable":true,"href":"https:\/\/lucacastelli.com\/de\/wp-json\/wp\/v2\/media\/89489"}],"wp:attachment":[{"href":"https:\/\/lucacastelli.com\/de\/wp-json\/wp\/v2\/media?parent=479825"}],"wp:term":[{"taxonomy":"product_brand","embeddable":true,"href":"https:\/\/lucacastelli.com\/de\/wp-json\/wp\/v2\/product_brand?post=479825"},{"taxonomy":"product_cat","embeddable":true,"href":"https:\/\/lucacastelli.com\/de\/wp-json\/wp\/v2\/product_cat?post=479825"},{"taxonomy":"product_tag","embeddable":true,"href":"https:\/\/lucacastelli.com\/de\/wp-json\/wp\/v2\/product_tag?post=479825"}],"curies":[{"name":"wp","href":"https:\/\/api.w.org\/{rel}","templated":true}]}}