{"id":479804,"date":"2023-03-24T10:29:12","date_gmt":"2023-03-24T09:29:12","guid":{"rendered":"https:\/\/lucacastelli.com\/?post_type=product&#038;p=479804"},"modified":"2026-04-17T23:57:24","modified_gmt":"2026-04-17T21:57:24","slug":"crazy-mid-short-exit-zieht","status":"publish","type":"product","link":"https:\/\/lucacastelli.com\/de\/produkt\/crazy-mid-short-exit-zieht\/","title":{"rendered":"CRAZY PULL MID SHORT EXIT"},"content":{"rendered":"<p>Mid-Hose unterhalb des Knies im Bergsteiger-Stil, ideal f\u00fcr Trekking in den \u00dcbergangszeiten und f\u00fcr alle, die nicht auf Leichtigkeit und Frische verzichten m\u00f6chten, ohne eine Shorts zu tragen. Ein als &#8220;Klassiker&#8221; betrachtetes Kleidungsst\u00fcck, das jedoch \u00fcberarbeitet und durch den bequemen Gummibund, die seitlichen &#8220;Easy Pocket&#8221;-Taschen und die farblich abgesetzten N\u00e4hte jung und frisch gestaltet wurde <\/p>\n<p>Bequemer Gummibund<br \/>\nZwei Seitentaschen mit &#8220;Easy Pocket&#8221;-Verschlusssystem<\/p>\n","protected":false},"excerpt":{"rendered":"<p>Mid-Hose unterhalb des Knies im Bergsteiger-Stil, ideal f\u00fcr Trekking in den \u00dcbergangszeiten und f\u00fcr alle, die nicht auf Leichtigkeit und<\/p>\n","protected":false},"featured_media":87873,"template":"","meta":{"_seopress_robots_primary_cat":"","_seopress_titles_title":"","_seopress_titles_desc":"","_seopress_robots_index":""},"product_brand":[3614],"product_cat":[82,974,1388],"product_tag":[],"class_list":{"0":"post-479804","1":"product","2":"type-product","3":"status-publish","4":"has-post-thumbnail","6":"product_brand-crazy-de","7":"product_cat-kleidung","8":"product_cat-freizeitkleidung","9":"product_cat-damenbekleidung","10":"sws-gruppo-abb-libero-de","11":"sws-conto-ricavi-merci-rivendita-abbigliamento-de","12":"sws-gruppo-iva-iva81-de","14":"first","15":"instock","16":"sale","17":"shipping-taxable","18":"product-type-variable"},"_links":{"self":[{"href":"https:\/\/lucacastelli.com\/de\/wp-json\/wp\/v2\/product\/479804","targetHints":{"allow":["GET"]}}],"collection":[{"href":"https:\/\/lucacastelli.com\/de\/wp-json\/wp\/v2\/product"}],"about":[{"href":"https:\/\/lucacastelli.com\/de\/wp-json\/wp\/v2\/types\/product"}],"wp:featuredmedia":[{"embeddable":true,"href":"https:\/\/lucacastelli.com\/de\/wp-json\/wp\/v2\/media\/87873"}],"wp:attachment":[{"href":"https:\/\/lucacastelli.com\/de\/wp-json\/wp\/v2\/media?parent=479804"}],"wp:term":[{"taxonomy":"product_brand","embeddable":true,"href":"https:\/\/lucacastelli.com\/de\/wp-json\/wp\/v2\/product_brand?post=479804"},{"taxonomy":"product_cat","embeddable":true,"href":"https:\/\/lucacastelli.com\/de\/wp-json\/wp\/v2\/product_cat?post=479804"},{"taxonomy":"product_tag","embeddable":true,"href":"https:\/\/lucacastelli.com\/de\/wp-json\/wp\/v2\/product_tag?post=479804"}],"curies":[{"name":"wp","href":"https:\/\/api.w.org\/{rel}","templated":true}]}}