{"id":479798,"date":"2022-12-12T09:37:23","date_gmt":"2022-12-12T08:37:23","guid":{"rendered":"https:\/\/lucacastelli.com\/?post_type=product&#038;p=479798"},"modified":"2026-03-01T00:26:17","modified_gmt":"2026-02-28T23:26:17","slug":"crazy-kinsej-pullover","status":"publish","type":"product","link":"https:\/\/lucacastelli.com\/de\/produkt\/crazy-kinsej-pullover\/","title":{"rendered":"CRAZY KINSEJ PULLOVER"},"content":{"rendered":"<p>Lauf- und Schneeschuhtrikot, ideal f\u00fcr die k\u00e4ltesten Wintertage. Hergestellt aus warmem, bequemem und elastischem High Performance-Gewebe, auf der Innenseite angeraut. Der halbe Rei\u00dfverschluss auf der Vorderseite, eine Au\u00dfentasche &#8220;Easy Pocket&#8221; mit elastischem Rand. Der hohe und sch\u00fctzende Kragen, die Sicherheitspfeife in der Brusttasche sowie die Manschette, die sich in einen n\u00fctzlichen Handschuh verwandelt, sind Details, die dieses Produkt von allen anderen unterscheiden, die normalerweise von den vielen niedrig spezialisierten Marken angeboten werden.   <\/p>\n<p>halb unsichtbarer<br \/>\nFrontrei\u00dfverschluss mit hohem<br \/>\nKragenschutzhandschuh an der Unterseite des<br \/>\nHandgelenks integriert &#8220;Easy Pocket&#8221;-Tasche mit elastischer Randtasche<br \/>\nmit integrierter Rettungspfeife<\/p>\n","protected":false},"excerpt":{"rendered":"<p>Lauf- und Schneeschuhtrikot, ideal f\u00fcr die k\u00e4ltesten Wintertage. Hergestellt aus warmem, bequemem und elastischem High Performance-Gewebe, auf der Innenseite angeraut.<\/p>\n","protected":false},"featured_media":85003,"template":"","meta":{"_seopress_robots_primary_cat":"","_seopress_titles_title":"","_seopress_titles_desc":"","_seopress_robots_index":""},"product_brand":[3413],"product_cat":[21,189,200],"product_tag":[],"class_list":{"0":"post-479798","1":"product","2":"type-product","3":"status-publish","4":"has-post-thumbnail","6":"product_brand-crazy","7":"product_cat-abbigliamento","8":"product_cat-abbigliamento-per-il-tempo-libero","9":"product_cat-abbigliamento-da-donna","10":"sws-gruppo-abb-libero-de","11":"sws-conto-ricavi-merci-rivendita-abbigliamento-de","12":"sws-gruppo-iva-iva81-de","14":"first","15":"instock","16":"shipping-taxable","17":"purchasable","18":"product-type-variable"},"_links":{"self":[{"href":"https:\/\/lucacastelli.com\/de\/wp-json\/wp\/v2\/product\/479798","targetHints":{"allow":["GET"]}}],"collection":[{"href":"https:\/\/lucacastelli.com\/de\/wp-json\/wp\/v2\/product"}],"about":[{"href":"https:\/\/lucacastelli.com\/de\/wp-json\/wp\/v2\/types\/product"}],"wp:featuredmedia":[{"embeddable":true,"href":"https:\/\/lucacastelli.com\/de\/wp-json\/wp\/v2\/media\/85003"}],"wp:attachment":[{"href":"https:\/\/lucacastelli.com\/de\/wp-json\/wp\/v2\/media?parent=479798"}],"wp:term":[{"taxonomy":"product_brand","embeddable":true,"href":"https:\/\/lucacastelli.com\/de\/wp-json\/wp\/v2\/product_brand?post=479798"},{"taxonomy":"product_cat","embeddable":true,"href":"https:\/\/lucacastelli.com\/de\/wp-json\/wp\/v2\/product_cat?post=479798"},{"taxonomy":"product_tag","embeddable":true,"href":"https:\/\/lucacastelli.com\/de\/wp-json\/wp\/v2\/product_tag?post=479798"}],"curies":[{"name":"wp","href":"https:\/\/api.w.org\/{rel}","templated":true}]}}