{"id":479784,"date":"2022-12-12T09:58:20","date_gmt":"2022-12-12T08:58:20","guid":{"rendered":"https:\/\/lucacastelli.com\/?post_type=product&#038;p=479784"},"modified":"2026-03-01T00:26:17","modified_gmt":"2026-02-28T23:26:17","slug":"crazy-nachster-damen-pullover","status":"publish","type":"product","link":"https:\/\/lucacastelli.com\/de\/produkt\/crazy-nachster-damen-pullover\/","title":{"rendered":"CRAZY N\u00c4CHSTER DAMEN PULLOVER"},"content":{"rendered":"<p>Hybridzug, der f\u00fcr die h\u00e4rtesten Wetterbedingungen entwickelt wurde, wenn eine einfache &#8220;mittlere Schicht&#8221; nicht ausreicht und mehr W\u00e4rme und Schutz erforderlich sind. Die empfohlene Verwendung ist das Bergsteigen und die Leistung in gro\u00dfer H\u00f6he, wenn es darum geht, Anstiege zu bew\u00e4ltigen, bei denen das Unerwartete immer m\u00f6glich ist. Es besteht aus dem innovativen bi-elastischen Two Face-Gewebe mit einer harten Au\u00dfenfl\u00e4che, die abriebfest ist, das Gewebe hinter dem \u00c4rmel und den Achseln ist ein atmungsaktives, weiches und widerstandsf\u00e4higes Softshell mit wasserabweisender DWR-Behandlung. W\u00e4rmer und atmungsaktiver bei weniger Volumen. Dieser Pullover hat eine Kapuze mit elastischem Rand, eine Brusttasche + zwei verschwei\u00dfte Handw\u00e4rmtaschen, alle mit Rei\u00dfverschluss, Boden und B\u00fcndchen mit elastischem Rand, alle mit einem attraktiven Design.    <\/p>\n<p>Offener Pullover mit Frontrei\u00dfverschluss und Kapuze<br \/>\nGeklebte Brusttasche mit Rei\u00dfverschluss<br \/>\nElastische Kanten an Kapuze und \u00c4rmelunterseite<br \/>\nDaumenknopfloch<\/p>\n","protected":false},"excerpt":{"rendered":"<p>Hybridzug, der f\u00fcr die h\u00e4rtesten Wetterbedingungen entwickelt wurde, wenn eine einfache &#8220;mittlere Schicht&#8221; nicht ausreicht und mehr W\u00e4rme und Schutz<\/p>\n","protected":false},"featured_media":85013,"template":"","meta":{"_seopress_robots_primary_cat":"","_seopress_titles_title":"","_seopress_titles_desc":"","_seopress_robots_index":""},"product_brand":[3413],"product_cat":[21,189,200],"product_tag":[],"class_list":{"0":"post-479784","1":"product","2":"type-product","3":"status-publish","4":"has-post-thumbnail","6":"product_brand-crazy","7":"product_cat-abbigliamento","8":"product_cat-abbigliamento-per-il-tempo-libero","9":"product_cat-abbigliamento-da-donna","10":"sws-gruppo-abb-libero-de","11":"sws-conto-ricavi-merci-rivendita-abbigliamento-de","12":"sws-gruppo-iva-iva81-de","14":"first","15":"instock","16":"shipping-taxable","17":"purchasable","18":"product-type-variable"},"_links":{"self":[{"href":"https:\/\/lucacastelli.com\/de\/wp-json\/wp\/v2\/product\/479784","targetHints":{"allow":["GET"]}}],"collection":[{"href":"https:\/\/lucacastelli.com\/de\/wp-json\/wp\/v2\/product"}],"about":[{"href":"https:\/\/lucacastelli.com\/de\/wp-json\/wp\/v2\/types\/product"}],"wp:featuredmedia":[{"embeddable":true,"href":"https:\/\/lucacastelli.com\/de\/wp-json\/wp\/v2\/media\/85013"}],"wp:attachment":[{"href":"https:\/\/lucacastelli.com\/de\/wp-json\/wp\/v2\/media?parent=479784"}],"wp:term":[{"taxonomy":"product_brand","embeddable":true,"href":"https:\/\/lucacastelli.com\/de\/wp-json\/wp\/v2\/product_brand?post=479784"},{"taxonomy":"product_cat","embeddable":true,"href":"https:\/\/lucacastelli.com\/de\/wp-json\/wp\/v2\/product_cat?post=479784"},{"taxonomy":"product_tag","embeddable":true,"href":"https:\/\/lucacastelli.com\/de\/wp-json\/wp\/v2\/product_tag?post=479784"}],"curies":[{"name":"wp","href":"https:\/\/api.w.org\/{rel}","templated":true}]}}