{"id":479778,"date":"2022-12-12T09:17:25","date_gmt":"2022-12-12T08:17:25","guid":{"rendered":"https:\/\/lucacastelli.com\/?post_type=product&#038;p=479778"},"modified":"2026-04-18T00:02:03","modified_gmt":"2026-04-17T22:02:03","slug":"crazy-fuseaux-kinsej","status":"publish","type":"product","link":"https:\/\/lucacastelli.com\/de\/produkt\/crazy-fuseaux-kinsej\/","title":{"rendered":"CRAZY FUSEAUX KINSEJ"},"content":{"rendered":"<p>Lauf- und Schneeschuh-Tights, ideal f\u00fcr kalte Tage oder Wintertrails. Hergestellt aus High-Performance-Gewebe: warm, komfortabel und atmungsaktiv. Speziell f\u00fcr Frauen entwickelt, ohne N\u00e4hte im Schrittbereich, um Reizungen oder Reibung zu vermeiden. Der hohe Bund ist mit 2 Taschen ausgestattet, davon eine mit Rei\u00dfverschluss, ideal f\u00fcr Gels und andere Kleinteile.   <\/p>\n<p>Hoher elastischer Bund mit 2 Taschen, davon eine mit Rei\u00dfverschluss<br \/>\nNahtlose Konstruktion im Schrittbereich, scheuerfrei<br \/>\nModischer All-over-Jeansprint<\/p>\n","protected":false},"excerpt":{"rendered":"<p>Lauf- und Schneeschuh-Tights, ideal f\u00fcr kalte Tage oder Wintertrails. Hergestellt aus High-Performance-Gewebe: warm, komfortabel und atmungsaktiv. Speziell f\u00fcr Frauen entwickelt,<\/p>\n","protected":false},"featured_media":84983,"template":"","meta":{"_seopress_robots_primary_cat":"","_seopress_titles_title":"","_seopress_titles_desc":"","_seopress_robots_index":""},"product_brand":[3614],"product_cat":[1388,974,82],"product_tag":[],"class_list":{"0":"post-479778","1":"product","2":"type-product","3":"status-publish","4":"has-post-thumbnail","6":"product_brand-crazy-de","7":"product_cat-damenbekleidung","8":"product_cat-freizeitkleidung","9":"product_cat-kleidung","10":"sws-gruppo-abb-libero-de","11":"sws-conto-ricavi-merci-rivendita-abbigliamento-de","12":"sws-gruppo-iva-iva81-de","14":"first","15":"instock","16":"sale","17":"shipping-taxable","18":"product-type-variable"},"_links":{"self":[{"href":"https:\/\/lucacastelli.com\/de\/wp-json\/wp\/v2\/product\/479778","targetHints":{"allow":["GET"]}}],"collection":[{"href":"https:\/\/lucacastelli.com\/de\/wp-json\/wp\/v2\/product"}],"about":[{"href":"https:\/\/lucacastelli.com\/de\/wp-json\/wp\/v2\/types\/product"}],"wp:featuredmedia":[{"embeddable":true,"href":"https:\/\/lucacastelli.com\/de\/wp-json\/wp\/v2\/media\/84983"}],"wp:attachment":[{"href":"https:\/\/lucacastelli.com\/de\/wp-json\/wp\/v2\/media?parent=479778"}],"wp:term":[{"taxonomy":"product_brand","embeddable":true,"href":"https:\/\/lucacastelli.com\/de\/wp-json\/wp\/v2\/product_brand?post=479778"},{"taxonomy":"product_cat","embeddable":true,"href":"https:\/\/lucacastelli.com\/de\/wp-json\/wp\/v2\/product_cat?post=479778"},{"taxonomy":"product_tag","embeddable":true,"href":"https:\/\/lucacastelli.com\/de\/wp-json\/wp\/v2\/product_tag?post=479778"}],"curies":[{"name":"wp","href":"https:\/\/api.w.org\/{rel}","templated":true}]}}