{"id":479767,"date":"2022-12-12T09:10:16","date_gmt":"2022-12-12T08:10:16","guid":{"rendered":"https:\/\/lucacastelli.com\/?post_type=product&#038;p=479767"},"modified":"2026-04-15T00:02:08","modified_gmt":"2026-04-14T22:02:08","slug":"crazy-pant-11","status":"publish","type":"product","link":"https:\/\/lucacastelli.com\/de\/produkt\/crazy-pant-11\/","title":{"rendered":"CRAZY PANT"},"content":{"rendered":"<p>Einzigartig! Das ist die Definition, die wir dem Pant Sound geben k\u00f6nnen. Es ist die ideale Hose f\u00fcr Skitouren an den k\u00e4ltesten Tagen. Es besteht aus einer weichen Shell mit winddichter und wasserabweisender Membran, die die W\u00e4rme speichert, und einem warmen Fleece auf der Haut, das zum Komfort beitr\u00e4gt. Der Stoff ist unglaublich elastisch und wird in Europa hergestellt, ber\u00fchren Sie ihn gen\u00fcgt, um seine Eigenschaften sofort zu verstehen. Der hohe Wickelbund ist seit Jahren in einigen der von Crazy entworfenen Kleidungsst\u00fccke enthalten, sch\u00fctzt vor K\u00e4lte und verbessert die Passform der Hose. An der Unterseite des Beins befindet sich ein Zwickel mit Rei\u00dfverschluss, der an Skitourenschuhe angepasst werden kann.      <\/p>\n<p>&#8211; elastischer, sch\u00fctzender hoher Bund &#8211; Beinabschl\u00fcsse mit verstellbarem Rei\u00dfverschlusszwickel, auch mit Skischuhen verwendbar &#8211; Stoff mit winddichter Membran mit einzigartigem Style-Print<\/p>\n","protected":false},"excerpt":{"rendered":"<p>Einzigartig! Das ist die Definition, die wir dem Pant Sound geben k\u00f6nnen. Es ist die ideale Hose f\u00fcr Skitouren an<\/p>\n","protected":false},"featured_media":84968,"template":"","meta":{"_seopress_robots_primary_cat":"","_seopress_titles_title":"","_seopress_titles_desc":"","_seopress_robots_index":""},"product_brand":[3614],"product_cat":[1388,974,82],"product_tag":[],"class_list":{"0":"post-479767","1":"product","2":"type-product","3":"status-publish","4":"has-post-thumbnail","6":"product_brand-crazy-de","7":"product_cat-damenbekleidung","8":"product_cat-freizeitkleidung","9":"product_cat-kleidung","10":"sws-gruppo-abb-libero-de","11":"sws-conto-ricavi-merci-rivendita-abbigliamento-de","12":"sws-gruppo-iva-iva81-de","14":"first","15":"instock","16":"sale","17":"shipping-taxable","18":"purchasable","19":"product-type-variable"},"_links":{"self":[{"href":"https:\/\/lucacastelli.com\/de\/wp-json\/wp\/v2\/product\/479767","targetHints":{"allow":["GET"]}}],"collection":[{"href":"https:\/\/lucacastelli.com\/de\/wp-json\/wp\/v2\/product"}],"about":[{"href":"https:\/\/lucacastelli.com\/de\/wp-json\/wp\/v2\/types\/product"}],"wp:featuredmedia":[{"embeddable":true,"href":"https:\/\/lucacastelli.com\/de\/wp-json\/wp\/v2\/media\/84968"}],"wp:attachment":[{"href":"https:\/\/lucacastelli.com\/de\/wp-json\/wp\/v2\/media?parent=479767"}],"wp:term":[{"taxonomy":"product_brand","embeddable":true,"href":"https:\/\/lucacastelli.com\/de\/wp-json\/wp\/v2\/product_brand?post=479767"},{"taxonomy":"product_cat","embeddable":true,"href":"https:\/\/lucacastelli.com\/de\/wp-json\/wp\/v2\/product_cat?post=479767"},{"taxonomy":"product_tag","embeddable":true,"href":"https:\/\/lucacastelli.com\/de\/wp-json\/wp\/v2\/product_tag?post=479767"}],"curies":[{"name":"wp","href":"https:\/\/api.w.org\/{rel}","templated":true}]}}