{"id":479669,"date":"2022-11-07T10:56:03","date_gmt":"2022-11-07T09:56:03","guid":{"rendered":"https:\/\/lucacastelli.com\/?post_type=product&#038;p=479669"},"modified":"2026-03-01T00:26:16","modified_gmt":"2026-02-28T23:26:16","slug":"crazy-band-doppel-3","status":"publish","type":"product","link":"https:\/\/lucacastelli.com\/de\/produkt\/crazy-band-doppel-3\/","title":{"rendered":"CRAZY BAND DOPPEL"},"content":{"rendered":"<p>Hochwertiger, gerader Schnitt f\u00fcr Aktivit\u00e4ten mit mittlerer Intensit\u00e4t. Hergestellt aus leichter, schnell trocknender, doppelter italienischer JL-Mikrofaser. Charakteristisch sind die Prints, die an die Damenkollektion erinnern. Unsere Unternehmenspolitik verlangt von uns, sehr darauf zu achten, dass der kostbare Rohstoff nicht verschwendet wird, daher werden die gleichen Stoffe, die f\u00fcr die Herstellung von Jacken oder Pullovern verwendet werden, sorgf\u00e4ltig geschnitten, um den Abfall zu minimieren.   <\/p>\n<p>Schnell trocknende<br \/>\nMikrofaser High-End<br \/>\nVollst\u00e4ndig bedruckt<\/p>\n","protected":false},"excerpt":{"rendered":"<p>Hochwertiger, gerader Schnitt f\u00fcr Aktivit\u00e4ten mit mittlerer Intensit\u00e4t. Hergestellt aus leichter, schnell trocknender, doppelter italienischer JL-Mikrofaser. Charakteristisch sind die Prints,<\/p>\n","protected":false},"featured_media":83496,"template":"","meta":{"_seopress_robots_primary_cat":"","_seopress_titles_title":"","_seopress_titles_desc":"","_seopress_robots_index":""},"product_brand":[3413],"product_cat":[21,186],"product_tag":[],"class_list":{"0":"post-479669","1":"product","2":"type-product","3":"status-publish","4":"has-post-thumbnail","6":"product_brand-crazy","7":"product_cat-abbigliamento","8":"product_cat-accessori-per-labbigliamento","9":"sws-gruppo-abb-libero-de","10":"sws-conto-ricavi-merci-rivendita-abbigliamento-de","11":"sws-gruppo-iva-iva81-de","13":"first","14":"instock","15":"shipping-taxable","16":"purchasable","17":"product-type-variable"},"_links":{"self":[{"href":"https:\/\/lucacastelli.com\/de\/wp-json\/wp\/v2\/product\/479669","targetHints":{"allow":["GET"]}}],"collection":[{"href":"https:\/\/lucacastelli.com\/de\/wp-json\/wp\/v2\/product"}],"about":[{"href":"https:\/\/lucacastelli.com\/de\/wp-json\/wp\/v2\/types\/product"}],"wp:featuredmedia":[{"embeddable":true,"href":"https:\/\/lucacastelli.com\/de\/wp-json\/wp\/v2\/media\/83496"}],"wp:attachment":[{"href":"https:\/\/lucacastelli.com\/de\/wp-json\/wp\/v2\/media?parent=479669"}],"wp:term":[{"taxonomy":"product_brand","embeddable":true,"href":"https:\/\/lucacastelli.com\/de\/wp-json\/wp\/v2\/product_brand?post=479669"},{"taxonomy":"product_cat","embeddable":true,"href":"https:\/\/lucacastelli.com\/de\/wp-json\/wp\/v2\/product_cat?post=479669"},{"taxonomy":"product_tag","embeddable":true,"href":"https:\/\/lucacastelli.com\/de\/wp-json\/wp\/v2\/product_tag?post=479669"}],"curies":[{"name":"wp","href":"https:\/\/api.w.org\/{rel}","templated":true}]}}