{"id":479653,"date":"2025-04-07T16:53:00","date_gmt":"2025-04-07T14:53:00","guid":{"rendered":"https:\/\/lucacastelli.com\/prodotto\/crazy-cap-schalter-6\/"},"modified":"2026-03-01T00:25:29","modified_gmt":"2026-02-28T23:25:29","slug":"crazy-cap-schalter-6","status":"publish","type":"product","link":"https:\/\/lucacastelli.com\/de\/produkt\/crazy-cap-schalter-6\/","title":{"rendered":"CRAZY CAP-SCHALTER"},"content":{"rendered":"<p>M\u00fctze f\u00fcr Outdoor-Aktivit\u00e4ten mit mittlerer Intensit\u00e4t.<br \/>\nHergestellt aus warmem, weichem und atmungsaktivem<br \/>\n HP 3D-Gewebe &#8211; doppelte Schicht auf der Stirn, f\u00fcr doppelten Schutz vor kalter Luft.<\/p>\n","protected":false},"excerpt":{"rendered":"<p>M\u00fctze f\u00fcr Outdoor-Aktivit\u00e4ten mit mittlerer Intensit\u00e4t. Hergestellt aus warmem, weichem und atmungsaktivem HP 3D-Gewebe &#8211; doppelte Schicht auf der Stirn,<\/p>\n","protected":false},"featured_media":405023,"template":"","meta":{"_seopress_robots_primary_cat":"","_seopress_titles_title":"","_seopress_titles_desc":"","_seopress_robots_index":""},"product_brand":[3614],"product_cat":[1391,82],"product_tag":[],"class_list":{"0":"post-479653","1":"product","2":"type-product","3":"status-publish","4":"has-post-thumbnail","6":"product_brand-crazy-de","7":"product_cat-bekleidungs-accessoires","8":"product_cat-kleidung","9":"sws-gruppo-abb-libero-de","10":"sws-conto-ricavi-merci-rivendita-abbigliamento-de","11":"sws-gruppo-iva-iva81-de","13":"first","14":"instock","15":"sale","16":"shipping-taxable","17":"product-type-variable"},"_links":{"self":[{"href":"https:\/\/lucacastelli.com\/de\/wp-json\/wp\/v2\/product\/479653","targetHints":{"allow":["GET"]}}],"collection":[{"href":"https:\/\/lucacastelli.com\/de\/wp-json\/wp\/v2\/product"}],"about":[{"href":"https:\/\/lucacastelli.com\/de\/wp-json\/wp\/v2\/types\/product"}],"wp:featuredmedia":[{"embeddable":true,"href":"https:\/\/lucacastelli.com\/de\/wp-json\/wp\/v2\/media\/405023"}],"wp:attachment":[{"href":"https:\/\/lucacastelli.com\/de\/wp-json\/wp\/v2\/media?parent=479653"}],"wp:term":[{"taxonomy":"product_brand","embeddable":true,"href":"https:\/\/lucacastelli.com\/de\/wp-json\/wp\/v2\/product_brand?post=479653"},{"taxonomy":"product_cat","embeddable":true,"href":"https:\/\/lucacastelli.com\/de\/wp-json\/wp\/v2\/product_cat?post=479653"},{"taxonomy":"product_tag","embeddable":true,"href":"https:\/\/lucacastelli.com\/de\/wp-json\/wp\/v2\/product_tag?post=479653"}],"curies":[{"name":"wp","href":"https:\/\/api.w.org\/{rel}","templated":true}]}}