{"id":479632,"date":"2025-04-07T16:53:00","date_gmt":"2025-04-07T14:53:00","guid":{"rendered":"https:\/\/lucacastelli.com\/prodotto\/crazy-band-schalter-4\/"},"modified":"2026-03-01T00:25:29","modified_gmt":"2026-02-28T23:25:29","slug":"crazy-band-schalter-4","status":"publish","type":"product","link":"https:\/\/lucacastelli.com\/de\/produkt\/crazy-band-schalter-4\/","title":{"rendered":"CRAZY BAND-SCHALTER"},"content":{"rendered":"<p>Gro\u00dfer Bereich, ideal f\u00fcr aerobe Aktivit\u00e4ten mittlerer Intensit\u00e4t. Gerader Schnitt mit gen\u00e4hten und doppelten Kanten.<br \/>\nHergestellt aus warmem HP 3D-Fleece mit Wabengewebe, das die Atmungsaktivit\u00e4t f\u00f6rdert. Die eleganten Flachn\u00e4hte in Kontrastfarbe machen die Farbkombinationen lebendig.  <\/p>\n","protected":false},"excerpt":{"rendered":"<p>Gro\u00dfer Bereich, ideal f\u00fcr aerobe Aktivit\u00e4ten mittlerer Intensit\u00e4t. Gerader Schnitt mit gen\u00e4hten und doppelten Kanten. Hergestellt aus warmem HP 3D-Fleece<\/p>\n","protected":false},"featured_media":404978,"template":"","meta":{"_seopress_robots_primary_cat":"","_seopress_titles_title":"","_seopress_titles_desc":"","_seopress_robots_index":""},"product_brand":[3614],"product_cat":[1391,82],"product_tag":[],"class_list":{"0":"post-479632","1":"product","2":"type-product","3":"status-publish","4":"has-post-thumbnail","6":"product_brand-crazy-de","7":"product_cat-bekleidungs-accessoires","8":"product_cat-kleidung","9":"sws-gruppo-abb-libero-de","10":"sws-conto-ricavi-merci-rivendita-abbigliamento-de","11":"sws-gruppo-iva-iva81-de","13":"first","14":"instock","15":"sale","16":"shipping-taxable","17":"product-type-variable"},"_links":{"self":[{"href":"https:\/\/lucacastelli.com\/de\/wp-json\/wp\/v2\/product\/479632","targetHints":{"allow":["GET"]}}],"collection":[{"href":"https:\/\/lucacastelli.com\/de\/wp-json\/wp\/v2\/product"}],"about":[{"href":"https:\/\/lucacastelli.com\/de\/wp-json\/wp\/v2\/types\/product"}],"wp:featuredmedia":[{"embeddable":true,"href":"https:\/\/lucacastelli.com\/de\/wp-json\/wp\/v2\/media\/404978"}],"wp:attachment":[{"href":"https:\/\/lucacastelli.com\/de\/wp-json\/wp\/v2\/media?parent=479632"}],"wp:term":[{"taxonomy":"product_brand","embeddable":true,"href":"https:\/\/lucacastelli.com\/de\/wp-json\/wp\/v2\/product_brand?post=479632"},{"taxonomy":"product_cat","embeddable":true,"href":"https:\/\/lucacastelli.com\/de\/wp-json\/wp\/v2\/product_cat?post=479632"},{"taxonomy":"product_tag","embeddable":true,"href":"https:\/\/lucacastelli.com\/de\/wp-json\/wp\/v2\/product_tag?post=479632"}],"curies":[{"name":"wp","href":"https:\/\/api.w.org\/{rel}","templated":true}]}}