{"id":479615,"date":"2025-04-07T16:53:00","date_gmt":"2025-04-07T16:53:00","guid":{"rendered":"https:\/\/lucacastelli.com\/prodotto\/crazy-band-schalter\/"},"modified":"2026-04-17T13:14:20","modified_gmt":"2026-04-17T11:14:20","slug":"crazy-band-schalter","status":"publish","type":"product","link":"https:\/\/lucacastelli.com\/de\/produkt\/crazy-band-schalter\/","title":{"rendered":"CRAZY BAND-SCHALTER"},"content":{"rendered":"<p>Breites Stirnband, ideal f\u00fcr aerobe Aktivit\u00e4ten mittlerer Intensit\u00e4t. Gerader Schnitt mit gen\u00e4hten und gedoppelten Kanten.<br \/>\nHergestellt aus warmem HP 3D-Fleece mit Wabenstruktur, die die Atmungsaktivit\u00e4t f\u00f6rdert. Elegante Flachn\u00e4hte in Kontrastfarben sorgen f\u00fcr lebendige Farbkombinationen.  <\/p>\n","protected":false},"excerpt":{"rendered":"<p>Breites Stirnband, ideal f\u00fcr aerobe Aktivit\u00e4ten mittlerer Intensit\u00e4t. Gerader Schnitt mit gen\u00e4hten und gedoppelten Kanten. Hergestellt aus warmem HP 3D-Fleece<\/p>\n","protected":false},"featured_media":404990,"template":"","meta":{"_seopress_robots_primary_cat":"","_seopress_titles_title":"","_seopress_titles_desc":"","_seopress_robots_index":""},"product_brand":[3614],"product_cat":[1391,82],"product_tag":[],"class_list":{"0":"post-479615","1":"product","2":"type-product","3":"status-publish","4":"has-post-thumbnail","6":"product_brand-crazy-de","7":"product_cat-bekleidungs-accessoires","8":"product_cat-kleidung","9":"sws-gruppo-abb-libero-de","10":"sws-conto-ricavi-merci-rivendita-abbigliamento-de","11":"sws-gruppo-iva-iva81-de","13":"first","14":"instock","15":"sale","16":"shipping-taxable","17":"purchasable","18":"product-type-variable"},"_links":{"self":[{"href":"https:\/\/lucacastelli.com\/de\/wp-json\/wp\/v2\/product\/479615","targetHints":{"allow":["GET"]}}],"collection":[{"href":"https:\/\/lucacastelli.com\/de\/wp-json\/wp\/v2\/product"}],"about":[{"href":"https:\/\/lucacastelli.com\/de\/wp-json\/wp\/v2\/types\/product"}],"wp:featuredmedia":[{"embeddable":true,"href":"https:\/\/lucacastelli.com\/de\/wp-json\/wp\/v2\/media\/404990"}],"wp:attachment":[{"href":"https:\/\/lucacastelli.com\/de\/wp-json\/wp\/v2\/media?parent=479615"}],"wp:term":[{"taxonomy":"product_brand","embeddable":true,"href":"https:\/\/lucacastelli.com\/de\/wp-json\/wp\/v2\/product_brand?post=479615"},{"taxonomy":"product_cat","embeddable":true,"href":"https:\/\/lucacastelli.com\/de\/wp-json\/wp\/v2\/product_cat?post=479615"},{"taxonomy":"product_tag","embeddable":true,"href":"https:\/\/lucacastelli.com\/de\/wp-json\/wp\/v2\/product_tag?post=479615"}],"curies":[{"name":"wp","href":"https:\/\/api.w.org\/{rel}","templated":true}]}}