{"id":479598,"date":"2025-04-07T16:53:00","date_gmt":"2025-04-07T14:53:00","guid":{"rendered":"https:\/\/lucacastelli.com\/prodotto\/crazy-band-doppel\/"},"modified":"2026-03-01T00:25:27","modified_gmt":"2026-02-28T23:25:27","slug":"crazy-band-doppel","status":"publish","type":"product","link":"https:\/\/lucacastelli.com\/de\/produkt\/crazy-band-doppel\/","title":{"rendered":"CRAZY BAND DOPPEL"},"content":{"rendered":"<p>Doppellagiger, gerade geschnittener, breiter Kopfb\u00fcgel, ideal f\u00fcr aerobe Aktivit\u00e4ten mittlerer Intensit\u00e4t.<br \/>\nHergestellt aus JL, einem leichten und schnell trocknenden Mikrofasergewebe, das in Italien hergestellt wird. Ein einzigartiger Stil dank der Drucke, die an unsere Damenkollektion erinnern. <\/p>\n<p>GEWICHT: 14 gr<\/p>\n","protected":false},"excerpt":{"rendered":"<p>Doppellagiger, gerade geschnittener, breiter Kopfb\u00fcgel, ideal f\u00fcr aerobe Aktivit\u00e4ten mittlerer Intensit\u00e4t. Hergestellt aus JL, einem leichten und schnell trocknenden Mikrofasergewebe,<\/p>\n","protected":false},"featured_media":404927,"template":"","meta":{"_seopress_robots_primary_cat":"","_seopress_titles_title":"","_seopress_titles_desc":"","_seopress_robots_index":""},"product_brand":[3413],"product_cat":[21,186],"product_tag":[],"class_list":{"0":"post-479598","1":"product","2":"type-product","3":"status-publish","4":"has-post-thumbnail","6":"product_brand-crazy","7":"product_cat-abbigliamento","8":"product_cat-accessori-per-labbigliamento","9":"sws-gruppo-abb-libero-de","10":"sws-conto-ricavi-merci-rivendita-abbigliamento-de","11":"sws-gruppo-iva-iva81-de","13":"first","14":"instock","15":"shipping-taxable","16":"purchasable","17":"product-type-variable"},"_links":{"self":[{"href":"https:\/\/lucacastelli.com\/de\/wp-json\/wp\/v2\/product\/479598","targetHints":{"allow":["GET"]}}],"collection":[{"href":"https:\/\/lucacastelli.com\/de\/wp-json\/wp\/v2\/product"}],"about":[{"href":"https:\/\/lucacastelli.com\/de\/wp-json\/wp\/v2\/types\/product"}],"wp:featuredmedia":[{"embeddable":true,"href":"https:\/\/lucacastelli.com\/de\/wp-json\/wp\/v2\/media\/404927"}],"wp:attachment":[{"href":"https:\/\/lucacastelli.com\/de\/wp-json\/wp\/v2\/media?parent=479598"}],"wp:term":[{"taxonomy":"product_brand","embeddable":true,"href":"https:\/\/lucacastelli.com\/de\/wp-json\/wp\/v2\/product_brand?post=479598"},{"taxonomy":"product_cat","embeddable":true,"href":"https:\/\/lucacastelli.com\/de\/wp-json\/wp\/v2\/product_cat?post=479598"},{"taxonomy":"product_tag","embeddable":true,"href":"https:\/\/lucacastelli.com\/de\/wp-json\/wp\/v2\/product_tag?post=479598"}],"curies":[{"name":"wp","href":"https:\/\/api.w.org\/{rel}","templated":true}]}}