{"id":479563,"date":"2025-04-07T16:53:00","date_gmt":"2025-04-07T14:53:00","guid":{"rendered":"https:\/\/lucacastelli.com\/prodotto\/crazy-pant-7\/"},"modified":"2026-03-01T00:25:32","modified_gmt":"2026-02-28T23:25:32","slug":"crazy-pant-7","status":"publish","type":"product","link":"https:\/\/lucacastelli.com\/de\/produkt\/crazy-pant-7\/","title":{"rendered":"CRAZY PANT"},"content":{"rendered":"<p>Die Pant Falls Hose ist Teil des zweiteiligen Rennanzugs.<br \/>\nDie Hose hat eine eng anliegende Passform, die besonders bequem f\u00fcr intensive Aktivit\u00e4ten und auch sehr \u00e4sthetisch ansprechend ist.<br \/>\nDer G\u00fcrtel ist mit einem hohen Gummizug mit Kn\u00f6pfen ausgestattet, um die Befestigung am Pull zu erleichtern. Die elastische Gamasche an der Unterseite besteht aus strapazierf\u00e4higem Schoeller Work-Gewebe mit Verst\u00e4rkung zum Schutz der Klinge. <\/p>\n<p>\u2022 Breiter Bund mit kleiner Ges\u00e4\u00dftasche, gesichert durch einen ultraflachen<br \/>\n Rei\u00dfverschluss\u2022 Oberer G\u00fcrtel mit Kn\u00f6pfen zum Befestigen von Teilen<br \/>\n\u2022 Robuste bi-elastische Gamaschen mit Verst\u00e4rkungen an den R\u00e4ndern der Skier und Silikongriff<br \/>\n\u2022 Stiefelhaken<\/p>\n<p>GEWICHT: 205 gr<\/p>\n","protected":false},"excerpt":{"rendered":"<p>Die Pant Falls Hose ist Teil des zweiteiligen Rennanzugs. Die Hose hat eine eng anliegende Passform, die besonders bequem f\u00fcr<\/p>\n","protected":false},"featured_media":404849,"template":"","meta":{"_seopress_robots_primary_cat":"","_seopress_titles_title":"","_seopress_titles_desc":"","_seopress_robots_index":""},"product_brand":[3614],"product_cat":[1388,974,82],"product_tag":[],"class_list":{"0":"post-479563","1":"product","2":"type-product","3":"status-publish","4":"has-post-thumbnail","6":"product_brand-crazy-de","7":"product_cat-damenbekleidung","8":"product_cat-freizeitkleidung","9":"product_cat-kleidung","10":"sws-gruppo-abb-libero-de","11":"sws-conto-ricavi-merci-rivendita-abbigliamento-de","12":"sws-gruppo-iva-iva81-de","14":"first","15":"instock","16":"shipping-taxable","17":"purchasable","18":"product-type-variable"},"_links":{"self":[{"href":"https:\/\/lucacastelli.com\/de\/wp-json\/wp\/v2\/product\/479563","targetHints":{"allow":["GET"]}}],"collection":[{"href":"https:\/\/lucacastelli.com\/de\/wp-json\/wp\/v2\/product"}],"about":[{"href":"https:\/\/lucacastelli.com\/de\/wp-json\/wp\/v2\/types\/product"}],"wp:featuredmedia":[{"embeddable":true,"href":"https:\/\/lucacastelli.com\/de\/wp-json\/wp\/v2\/media\/404849"}],"wp:attachment":[{"href":"https:\/\/lucacastelli.com\/de\/wp-json\/wp\/v2\/media?parent=479563"}],"wp:term":[{"taxonomy":"product_brand","embeddable":true,"href":"https:\/\/lucacastelli.com\/de\/wp-json\/wp\/v2\/product_brand?post=479563"},{"taxonomy":"product_cat","embeddable":true,"href":"https:\/\/lucacastelli.com\/de\/wp-json\/wp\/v2\/product_cat?post=479563"},{"taxonomy":"product_tag","embeddable":true,"href":"https:\/\/lucacastelli.com\/de\/wp-json\/wp\/v2\/product_tag?post=479563"}],"curies":[{"name":"wp","href":"https:\/\/api.w.org\/{rel}","templated":true}]}}