{"id":479559,"date":"2025-04-07T16:53:00","date_gmt":"2025-04-07T14:53:00","guid":{"rendered":"https:\/\/lucacastelli.com\/prodotto\/crazy-pant-backslash\/"},"modified":"2026-03-01T00:25:32","modified_gmt":"2026-02-28T23:25:32","slug":"crazy-pant-backslash","status":"publish","type":"product","link":"https:\/\/lucacastelli.com\/de\/produkt\/crazy-pant-backslash\/","title":{"rendered":"CRAZY PANT BACKSLASH"},"content":{"rendered":"<p>Einzigartig gestylte \u00dcberhose mit Denim-Print, ideal f\u00fcr Skitouren und Aktivit\u00e4ten in den Bergen.<br \/>\nLeistungsstarkes, bi-elastisches Softshell-Gewebe mit wasserabweisender und winddichter Membran.<br \/>\nDie durchgehenden seitlichen Rei\u00dfverschl\u00fcsse erleichtern das Anziehen der Hose, auch mit Skiern an den F\u00fc\u00dfen: Komfort und Sicherheit sind auch bei Blick auf einen Gletscher garantiert.<\/p>\n<p>\u2022 Leistungsstarkes, bi-elastisches Softshell mit wasserabweisender und winddichter<br \/>\n Membran\u2022 Durchgehende<br \/>\n Seitenrei\u00dfverschl\u00fcsse\u2022 Vollgriffiger Gummizug an den Kn\u00f6cheln<br \/>\n\u2022 Elastischer Bund<\/p>\n<p> Gewicht: 347 g<\/p>\n","protected":false},"excerpt":{"rendered":"<p>Einzigartig gestylte \u00dcberhose mit Denim-Print, ideal f\u00fcr Skitouren und Aktivit\u00e4ten in den Bergen. Leistungsstarkes, bi-elastisches Softshell-Gewebe mit wasserabweisender und winddichter<\/p>\n","protected":false},"featured_media":404876,"template":"","meta":{"_seopress_robots_primary_cat":"","_seopress_titles_title":"","_seopress_titles_desc":"","_seopress_robots_index":""},"product_brand":[3614],"product_cat":[974,975,82],"product_tag":[],"class_list":{"0":"post-479559","1":"product","2":"type-product","3":"status-publish","4":"has-post-thumbnail","6":"product_brand-crazy-de","7":"product_cat-freizeitkleidung","8":"product_cat-herrenbekleidung","9":"product_cat-kleidung","10":"sws-gruppo-abb-libero-de","11":"sws-conto-ricavi-merci-rivendita-abbigliamento-de","12":"sws-gruppo-iva-iva81-de","14":"first","15":"instock","16":"sale","17":"shipping-taxable","18":"product-type-variable"},"_links":{"self":[{"href":"https:\/\/lucacastelli.com\/de\/wp-json\/wp\/v2\/product\/479559","targetHints":{"allow":["GET"]}}],"collection":[{"href":"https:\/\/lucacastelli.com\/de\/wp-json\/wp\/v2\/product"}],"about":[{"href":"https:\/\/lucacastelli.com\/de\/wp-json\/wp\/v2\/types\/product"}],"wp:featuredmedia":[{"embeddable":true,"href":"https:\/\/lucacastelli.com\/de\/wp-json\/wp\/v2\/media\/404876"}],"wp:attachment":[{"href":"https:\/\/lucacastelli.com\/de\/wp-json\/wp\/v2\/media?parent=479559"}],"wp:term":[{"taxonomy":"product_brand","embeddable":true,"href":"https:\/\/lucacastelli.com\/de\/wp-json\/wp\/v2\/product_brand?post=479559"},{"taxonomy":"product_cat","embeddable":true,"href":"https:\/\/lucacastelli.com\/de\/wp-json\/wp\/v2\/product_cat?post=479559"},{"taxonomy":"product_tag","embeddable":true,"href":"https:\/\/lucacastelli.com\/de\/wp-json\/wp\/v2\/product_tag?post=479559"}],"curies":[{"name":"wp","href":"https:\/\/api.w.org\/{rel}","templated":true}]}}