{"id":479532,"date":"2025-04-07T16:53:00","date_gmt":"2025-04-07T14:53:00","guid":{"rendered":"https:\/\/lucacastelli.com\/prodotto\/crazy-pant-joker\/"},"modified":"2026-04-15T00:01:26","modified_gmt":"2026-04-14T22:01:26","slug":"crazy-pant-joker","status":"publish","type":"product","link":"https:\/\/lucacastelli.com\/de\/produkt\/crazy-pant-joker\/","title":{"rendered":"CRAZY PANT JOKER"},"content":{"rendered":"<p>Bequeme Hose f\u00fcr die Stadt, Freizeit und sogar zum Sportklettern geeignet. Diese Hose ist eine der Ikonen der Lifestyle-Kollektion von Crazy. Der jugendliche Schnitt und die immer modischen Farben sind die Erfolgsgeheimnisse dieses ikonischen Modells.<br \/>\nHergestellt aus verschiedenen Stoffen, je nach Farbvariante; Von Performance-Baumwolle \u00fcber Denim bis hin zu warmem Samt.  <\/p>\n<p>\u2022 Bequemer elastischer Bund mit verstellbarem<br \/>\n Kordelzug\u2022 Zwei gro\u00dfe Fronttaschen und eine Ges\u00e4\u00dftasche<br \/>\n\u2022 Verstellbarer elastischer Kordelzug an der Unterseite des Beins<\/p>\n<p>GEWICHT: 504 gr<\/p>\n","protected":false},"excerpt":{"rendered":"<p>Bequeme Hose f\u00fcr die Stadt, Freizeit und sogar zum Sportklettern geeignet. Diese Hose ist eine der Ikonen der Lifestyle-Kollektion von<\/p>\n","protected":false},"featured_media":404821,"template":"","meta":{"_seopress_robots_primary_cat":"","_seopress_titles_title":"","_seopress_titles_desc":"","_seopress_robots_index":""},"product_brand":[3413],"product_cat":[21,189,190],"product_tag":[],"class_list":{"0":"post-479532","1":"product","2":"type-product","3":"status-publish","4":"has-post-thumbnail","6":"product_brand-crazy","7":"product_cat-abbigliamento","8":"product_cat-abbigliamento-per-il-tempo-libero","9":"product_cat-abbigliamento-da-uomo","10":"sws-gruppo-abb-libero-de","11":"sws-conto-ricavi-merci-rivendita-abbigliamento-de","12":"sws-gruppo-iva-iva81-de","14":"first","15":"instock","16":"sale","17":"shipping-taxable","18":"purchasable","19":"product-type-variable"},"_links":{"self":[{"href":"https:\/\/lucacastelli.com\/de\/wp-json\/wp\/v2\/product\/479532","targetHints":{"allow":["GET"]}}],"collection":[{"href":"https:\/\/lucacastelli.com\/de\/wp-json\/wp\/v2\/product"}],"about":[{"href":"https:\/\/lucacastelli.com\/de\/wp-json\/wp\/v2\/types\/product"}],"wp:featuredmedia":[{"embeddable":true,"href":"https:\/\/lucacastelli.com\/de\/wp-json\/wp\/v2\/media\/404821"}],"wp:attachment":[{"href":"https:\/\/lucacastelli.com\/de\/wp-json\/wp\/v2\/media?parent=479532"}],"wp:term":[{"taxonomy":"product_brand","embeddable":true,"href":"https:\/\/lucacastelli.com\/de\/wp-json\/wp\/v2\/product_brand?post=479532"},{"taxonomy":"product_cat","embeddable":true,"href":"https:\/\/lucacastelli.com\/de\/wp-json\/wp\/v2\/product_cat?post=479532"},{"taxonomy":"product_tag","embeddable":true,"href":"https:\/\/lucacastelli.com\/de\/wp-json\/wp\/v2\/product_tag?post=479532"}],"curies":[{"name":"wp","href":"https:\/\/api.w.org\/{rel}","templated":true}]}}