{"id":479509,"date":"2025-04-07T16:53:00","date_gmt":"2025-04-07T14:53:00","guid":{"rendered":"https:\/\/lucacastelli.com\/prodotto\/crazy-langaermeliger-gulliver-2\/"},"modified":"2026-03-01T00:25:36","modified_gmt":"2026-02-28T23:25:36","slug":"crazy-langaermeliger-gulliver-2","status":"publish","type":"product","link":"https:\/\/lucacastelli.com\/de\/produkt\/crazy-langaermeliger-gulliver-2\/","title":{"rendered":"CRAZY LANG\u00c4RMELIGER GULLIVER"},"content":{"rendered":"<p>Langarmtrikot f\u00fcr alle Freizeitmomente: Auch Fans einer technischen und actionorientierten Marke wie Crazy brauchen Entspannung und Ruhe.<br \/>\nUnsere Lifestyle-Kollektion zeichnet sich durch ihre Farbkombination und ihren Komfort aus.<br \/>\nAuch f\u00fcr diese Kleidungsst\u00fccke, die nicht speziell f\u00fcr technische Anwendungen bestimmt sind, wurde der Stoff mit peinlicher Sorgfalt ausgew\u00e4hlt: Es handelt sich nicht um eine gew\u00f6hnliche Baumwolle, sondern um eine hochwertige Performance-Baumwolle, ein Stoff, der immer seine urspr\u00fcngliche Form beh\u00e4lt.<\/p>\n<p>\u2022 Kontrastfarbene<br \/>\n N\u00e4hte\u2022 Siebdruck<\/p>\n<p>GEWICHT: 212 gr<\/p>\n","protected":false},"excerpt":{"rendered":"<p>Langarmtrikot f\u00fcr alle Freizeitmomente: Auch Fans einer technischen und actionorientierten Marke wie Crazy brauchen Entspannung und Ruhe. Unsere Lifestyle-Kollektion zeichnet<\/p>\n","protected":false},"featured_media":404789,"template":"","meta":{"_seopress_robots_primary_cat":"","_seopress_titles_title":"","_seopress_titles_desc":"","_seopress_robots_index":""},"product_brand":[3614],"product_cat":[82,974,975],"product_tag":[],"class_list":{"0":"post-479509","1":"product","2":"type-product","3":"status-publish","4":"has-post-thumbnail","6":"product_brand-crazy-de","7":"product_cat-kleidung","8":"product_cat-freizeitkleidung","9":"product_cat-herrenbekleidung","10":"sws-gruppo-abb-libero-de","11":"sws-conto-ricavi-merci-rivendita-abbigliamento-de","12":"sws-gruppo-iva-iva81-de","14":"first","15":"instock","16":"sale","17":"shipping-taxable","18":"product-type-variable"},"_links":{"self":[{"href":"https:\/\/lucacastelli.com\/de\/wp-json\/wp\/v2\/product\/479509","targetHints":{"allow":["GET"]}}],"collection":[{"href":"https:\/\/lucacastelli.com\/de\/wp-json\/wp\/v2\/product"}],"about":[{"href":"https:\/\/lucacastelli.com\/de\/wp-json\/wp\/v2\/types\/product"}],"wp:featuredmedia":[{"embeddable":true,"href":"https:\/\/lucacastelli.com\/de\/wp-json\/wp\/v2\/media\/404789"}],"wp:attachment":[{"href":"https:\/\/lucacastelli.com\/de\/wp-json\/wp\/v2\/media?parent=479509"}],"wp:term":[{"taxonomy":"product_brand","embeddable":true,"href":"https:\/\/lucacastelli.com\/de\/wp-json\/wp\/v2\/product_brand?post=479509"},{"taxonomy":"product_cat","embeddable":true,"href":"https:\/\/lucacastelli.com\/de\/wp-json\/wp\/v2\/product_cat?post=479509"},{"taxonomy":"product_tag","embeddable":true,"href":"https:\/\/lucacastelli.com\/de\/wp-json\/wp\/v2\/product_tag?post=479509"}],"curies":[{"name":"wp","href":"https:\/\/api.w.org\/{rel}","templated":true}]}}