{"id":479489,"date":"2025-04-07T16:53:00","date_gmt":"2025-04-07T14:53:00","guid":{"rendered":"https:\/\/lucacastelli.com\/prodotto\/crazy-pant-5\/"},"modified":"2026-03-01T00:25:35","modified_gmt":"2026-02-28T23:25:35","slug":"crazy-pant-5","status":"publish","type":"product","link":"https:\/\/lucacastelli.com\/de\/produkt\/crazy-pant-5\/","title":{"rendered":"CRAZY PANT"},"content":{"rendered":"<p>Es war das erste Kleidungsst\u00fcck der Lifestyle-Linie von Crazy und ist heute zu einer Ikone geworden, die zunehmend f\u00fcr Freizeitaktivit\u00e4ten verwendet wird.<br \/>\nHergestellt in verschiedenen Stoffen, je nach Farbvariante; Von strapazierf\u00e4higer Stretch-Baumwolle \u00fcber Denim bis hin zu warmem Samt.<\/p>\n<p>\u2022 Passform und Komfort f\u00fcr die Freizeit<br \/>\n\u2022 Verstellbarer<br \/>\n Bund\u2022 Kontrastierende<br \/>\n gestickte Logos\u2022 Taschen mit gestickten Motiven<\/p>\n<p>GEWICHT: 420 gr<\/p>\n","protected":false},"excerpt":{"rendered":"<p>Es war das erste Kleidungsst\u00fcck der Lifestyle-Linie von Crazy und ist heute zu einer Ikone geworden, die zunehmend f\u00fcr Freizeitaktivit\u00e4ten<\/p>\n","protected":false},"featured_media":404725,"template":"","meta":{"_seopress_robots_primary_cat":"","_seopress_titles_title":"","_seopress_titles_desc":"","_seopress_robots_index":""},"product_brand":[3614],"product_cat":[1388,974,82],"product_tag":[],"class_list":{"0":"post-479489","1":"product","2":"type-product","3":"status-publish","4":"has-post-thumbnail","6":"product_brand-crazy-de","7":"product_cat-damenbekleidung","8":"product_cat-freizeitkleidung","9":"product_cat-kleidung","10":"sws-gruppo-abb-libero-de","11":"sws-conto-ricavi-merci-rivendita-abbigliamento-de","12":"sws-gruppo-iva-iva81-de","14":"first","15":"instock","16":"sale","17":"shipping-taxable","18":"product-type-variable"},"_links":{"self":[{"href":"https:\/\/lucacastelli.com\/de\/wp-json\/wp\/v2\/product\/479489","targetHints":{"allow":["GET"]}}],"collection":[{"href":"https:\/\/lucacastelli.com\/de\/wp-json\/wp\/v2\/product"}],"about":[{"href":"https:\/\/lucacastelli.com\/de\/wp-json\/wp\/v2\/types\/product"}],"wp:featuredmedia":[{"embeddable":true,"href":"https:\/\/lucacastelli.com\/de\/wp-json\/wp\/v2\/media\/404725"}],"wp:attachment":[{"href":"https:\/\/lucacastelli.com\/de\/wp-json\/wp\/v2\/media?parent=479489"}],"wp:term":[{"taxonomy":"product_brand","embeddable":true,"href":"https:\/\/lucacastelli.com\/de\/wp-json\/wp\/v2\/product_brand?post=479489"},{"taxonomy":"product_cat","embeddable":true,"href":"https:\/\/lucacastelli.com\/de\/wp-json\/wp\/v2\/product_cat?post=479489"},{"taxonomy":"product_tag","embeddable":true,"href":"https:\/\/lucacastelli.com\/de\/wp-json\/wp\/v2\/product_tag?post=479489"}],"curies":[{"name":"wp","href":"https:\/\/api.w.org\/{rel}","templated":true}]}}