{"id":479467,"date":"2022-10-20T07:39:25","date_gmt":"2022-10-20T05:39:25","guid":{"rendered":"https:\/\/lucacastelli.com\/?post_type=product&#038;p=479467"},"modified":"2026-04-18T01:25:16","modified_gmt":"2026-04-17T23:25:16","slug":"crazy-jacken-absolution","status":"publish","type":"product","link":"https:\/\/lucacastelli.com\/de\/produkt\/crazy-jacken-absolution\/","title":{"rendered":"CRAZY JACKET ABSOLUTION"},"content":{"rendered":"<p>Hybridjacke mit hoher W\u00e4rmeleistung und Kapuze. Hervorragende dritte Schicht, warm mit Nylon-Frontschutz, attraktiver Look, ideal f\u00fcr alle Freizeitaktivit\u00e4ten im Freien. Hergestellt aus weichem und warmem \u201eFluffy Warm\u201c-Fellimitat mit einer zweiten Schicht aus wasserabweisendem und winddichtem Toray-Nylon im Brustbereich. Die \u00c4rmelr\u00fcckseite, der Unterarmbereich und der Saum bestehen aus technischem, warmem und atmungsaktivem HP-Gewebe. Sie verf\u00fcgt \u00fcber eine Kapuze mit elastischer Einfassung, Rei\u00dfverschlusstaschen, eine Brusttasche und einen hohen elastischen \u00c4rmelabschluss.    <\/p>\n<p>Hybridjacke mit Kapuze<br \/>\nRei\u00dfverschlusstaschen<br \/>\nelastische Einfassungen an Kapuze und \u00c4rmelabschluss<\/p>\n","protected":false},"excerpt":{"rendered":"<p>Hybridjacke mit hoher W\u00e4rmeleistung und Kapuze. Hervorragende dritte Schicht, warm mit Nylon-Frontschutz, attraktiver Look, ideal f\u00fcr alle Freizeitaktivit\u00e4ten im Freien.<\/p>\n","protected":false},"featured_media":83184,"template":"","meta":{"_seopress_robots_primary_cat":"none","_seopress_titles_title":"","_seopress_titles_desc":"","_seopress_robots_index":""},"product_brand":[3614],"product_cat":[82,974,975],"product_tag":[],"class_list":{"0":"post-479467","1":"product","2":"type-product","3":"status-publish","4":"has-post-thumbnail","6":"product_brand-crazy-de","7":"product_cat-kleidung","8":"product_cat-freizeitkleidung","9":"product_cat-herrenbekleidung","10":"sws-gruppo-abb-libero-de","11":"sws-conto-ricavi-merci-rivendita-abbigliamento-de","12":"sws-gruppo-iva-iva81-de","14":"first","15":"instock","16":"sale","17":"shipping-taxable","18":"product-type-variable"},"_links":{"self":[{"href":"https:\/\/lucacastelli.com\/de\/wp-json\/wp\/v2\/product\/479467","targetHints":{"allow":["GET"]}}],"collection":[{"href":"https:\/\/lucacastelli.com\/de\/wp-json\/wp\/v2\/product"}],"about":[{"href":"https:\/\/lucacastelli.com\/de\/wp-json\/wp\/v2\/types\/product"}],"wp:featuredmedia":[{"embeddable":true,"href":"https:\/\/lucacastelli.com\/de\/wp-json\/wp\/v2\/media\/83184"}],"wp:attachment":[{"href":"https:\/\/lucacastelli.com\/de\/wp-json\/wp\/v2\/media?parent=479467"}],"wp:term":[{"taxonomy":"product_brand","embeddable":true,"href":"https:\/\/lucacastelli.com\/de\/wp-json\/wp\/v2\/product_brand?post=479467"},{"taxonomy":"product_cat","embeddable":true,"href":"https:\/\/lucacastelli.com\/de\/wp-json\/wp\/v2\/product_cat?post=479467"},{"taxonomy":"product_tag","embeddable":true,"href":"https:\/\/lucacastelli.com\/de\/wp-json\/wp\/v2\/product_tag?post=479467"}],"curies":[{"name":"wp","href":"https:\/\/api.w.org\/{rel}","templated":true}]}}