{"id":479449,"date":"2022-11-07T10:40:25","date_gmt":"2022-11-07T09:40:25","guid":{"rendered":"https:\/\/lucacastelli.com\/?post_type=product&#038;p=479449"},"modified":"2026-03-01T00:26:16","modified_gmt":"2026-02-28T23:26:16","slug":"crazy-weste-avenger","status":"publish","type":"product","link":"https:\/\/lucacastelli.com\/de\/produkt\/crazy-weste-avenger\/","title":{"rendered":"CRAZY WESTE AVENGER"},"content":{"rendered":"<p>Technische Hybridweste f\u00fcr Outdoor-Aktivit\u00e4ten mit mittlerer\/hoher Intensit\u00e4t. Hervorragend geeignet f\u00fcr Skitouren an besonders windigen Tagen oder wenn eine dritte Schicht mit langen \u00c4rmeln zu viel w\u00e4re. Wenn es wahr ist, dass die Details den Unterschied ausmachen, werden Sie die Studie und Sorgfalt f\u00fcr den geschickten Stoffmix zu sch\u00e4tzen wissen, aus dem dieses technische Kleidungsst\u00fcck besteht. Es besteht aus Two Face-Stoff, w\u00e4rmer mit weniger Volumen, atmungsaktiv. Die Vorderseite ist aus Endurance mit wasserabweisender DWR-Behandlung und winddichten Eigenschaften sowie anderen atmungsaktiven Fleece-Eins\u00e4tzen. Front\u00f6ffnung mit Rei\u00dfverschluss, hoher taillierter Kragen, Taschen mit Rei\u00dfverschluss und elastischer Boden sind die Hauptmerkmale.     <\/p>\n<p>Hybridweste mit zu \u00f6ffnendem<br \/>\nRei\u00dfverschluss Taillierter hoher Kragen Verschluss<\/p>\n<p>der Rei\u00dfverschlusstaschen Leichteres und atmungsaktiveres<br \/>\nSeitengewebe Elastischer Saum<\/p>\n","protected":false},"excerpt":{"rendered":"<p>Technische Hybridweste f\u00fcr Outdoor-Aktivit\u00e4ten mit mittlerer\/hoher Intensit\u00e4t. Hervorragend geeignet f\u00fcr Skitouren an besonders windigen Tagen oder wenn eine dritte Schicht<\/p>\n","protected":false},"featured_media":83486,"template":"","meta":{"_seopress_robots_primary_cat":"","_seopress_titles_title":"","_seopress_titles_desc":"","_seopress_robots_index":""},"product_brand":[3413],"product_cat":[21,189,190],"product_tag":[],"class_list":{"0":"post-479449","1":"product","2":"type-product","3":"status-publish","4":"has-post-thumbnail","6":"product_brand-crazy","7":"product_cat-abbigliamento","8":"product_cat-abbigliamento-per-il-tempo-libero","9":"product_cat-abbigliamento-da-uomo","10":"sws-gruppo-abb-libero-de","11":"sws-conto-ricavi-merci-rivendita-abbigliamento-de","12":"sws-gruppo-iva-iva81-de","14":"first","15":"instock","16":"shipping-taxable","17":"purchasable","18":"product-type-variable"},"_links":{"self":[{"href":"https:\/\/lucacastelli.com\/de\/wp-json\/wp\/v2\/product\/479449","targetHints":{"allow":["GET"]}}],"collection":[{"href":"https:\/\/lucacastelli.com\/de\/wp-json\/wp\/v2\/product"}],"about":[{"href":"https:\/\/lucacastelli.com\/de\/wp-json\/wp\/v2\/types\/product"}],"wp:featuredmedia":[{"embeddable":true,"href":"https:\/\/lucacastelli.com\/de\/wp-json\/wp\/v2\/media\/83486"}],"wp:attachment":[{"href":"https:\/\/lucacastelli.com\/de\/wp-json\/wp\/v2\/media?parent=479449"}],"wp:term":[{"taxonomy":"product_brand","embeddable":true,"href":"https:\/\/lucacastelli.com\/de\/wp-json\/wp\/v2\/product_brand?post=479449"},{"taxonomy":"product_cat","embeddable":true,"href":"https:\/\/lucacastelli.com\/de\/wp-json\/wp\/v2\/product_cat?post=479449"},{"taxonomy":"product_tag","embeddable":true,"href":"https:\/\/lucacastelli.com\/de\/wp-json\/wp\/v2\/product_tag?post=479449"}],"curies":[{"name":"wp","href":"https:\/\/api.w.org\/{rel}","templated":true}]}}