{"id":479441,"date":"2022-10-05T15:14:49","date_gmt":"2022-10-05T13:14:49","guid":{"rendered":"https:\/\/lucacastelli.com\/?post_type=product&#038;p=479441"},"modified":"2026-04-18T01:25:12","modified_gmt":"2026-04-17T23:25:12","slug":"crazy-pull-ionic-9","status":"publish","type":"product","link":"https:\/\/lucacastelli.com\/de\/produkt\/crazy-pull-ionic-9\/","title":{"rendered":"CRAZY PULL IONIC"},"content":{"rendered":"<p>Der Ionic Kapuzenpullover ist das Symbol und der Bestseller der gleichnamigen Kollektion, die f\u00fcr Skitouren und Sportarten mittlerer Intensit\u00e4t entwickelt wurde. Dieses ikonische und traditionsreiche Modell von gro\u00dfer Vielseitigkeit wird als Zwischenschicht an besonders kalten Tagen oder als Au\u00dfenschicht in den \u00dcbergangszeiten empfohlen. Der gro\u00dfe Erfolg ist sicherlich auf das frische, jugendliche und ansprechende Design zur\u00fcckzuf\u00fchren. Es ist vollst\u00e4ndig aus dem bew\u00e4hrten High Performance 3D Fleece mit Wabenstruktur gefertigt, das hohe Atmungsaktivit\u00e4t garantiert. Das Gewebe im Inneren hat eine Graphen-Behandlung mit thermoregulierenden, verschlei\u00dfhemmenden, antistatischen und bakteriostatischen Eigenschaften. Athletische Passform, Kapuze mit elastischem Rand, Front\u00f6ffnung mit Rei\u00dfverschluss, elastische B\u00fcndchen an Handgelenken und Taschen unterstreichen den dynamischen Charakter.    <\/p>\n<p>Kapuzenpullover mit elastischem Rand<br \/>\ndurchgehend teilbarer Frontrei\u00dfverschluss<br \/>\nHandtaschen mit elastischem Rand<br \/>\nInnenstoff mit Graphen-Behandlung<\/p>\n","protected":false},"excerpt":{"rendered":"<p>Der Ionic Kapuzenpullover ist das Symbol und der Bestseller der gleichnamigen Kollektion, die f\u00fcr Skitouren und Sportarten mittlerer Intensit\u00e4t entwickelt<\/p>\n","protected":false},"featured_media":82938,"template":"","meta":{"_seopress_robots_primary_cat":"","_seopress_titles_title":"","_seopress_titles_desc":"","_seopress_robots_index":""},"product_brand":[3614],"product_cat":[1388,974,82],"product_tag":[],"class_list":{"0":"post-479441","1":"product","2":"type-product","3":"status-publish","4":"has-post-thumbnail","6":"product_brand-crazy-de","7":"product_cat-damenbekleidung","8":"product_cat-freizeitkleidung","9":"product_cat-kleidung","10":"sws-gruppo-abb-libero-de","11":"sws-conto-ricavi-merci-rivendita-abbigliamento-de","12":"sws-gruppo-iva-iva81-de","14":"first","15":"instock","16":"sale","17":"shipping-taxable","18":"product-type-variable"},"_links":{"self":[{"href":"https:\/\/lucacastelli.com\/de\/wp-json\/wp\/v2\/product\/479441","targetHints":{"allow":["GET"]}}],"collection":[{"href":"https:\/\/lucacastelli.com\/de\/wp-json\/wp\/v2\/product"}],"about":[{"href":"https:\/\/lucacastelli.com\/de\/wp-json\/wp\/v2\/types\/product"}],"wp:featuredmedia":[{"embeddable":true,"href":"https:\/\/lucacastelli.com\/de\/wp-json\/wp\/v2\/media\/82938"}],"wp:attachment":[{"href":"https:\/\/lucacastelli.com\/de\/wp-json\/wp\/v2\/media?parent=479441"}],"wp:term":[{"taxonomy":"product_brand","embeddable":true,"href":"https:\/\/lucacastelli.com\/de\/wp-json\/wp\/v2\/product_brand?post=479441"},{"taxonomy":"product_cat","embeddable":true,"href":"https:\/\/lucacastelli.com\/de\/wp-json\/wp\/v2\/product_cat?post=479441"},{"taxonomy":"product_tag","embeddable":true,"href":"https:\/\/lucacastelli.com\/de\/wp-json\/wp\/v2\/product_tag?post=479441"}],"curies":[{"name":"wp","href":"https:\/\/api.w.org\/{rel}","templated":true}]}}