{"id":479411,"date":"2022-10-05T15:10:19","date_gmt":"2022-10-05T13:10:19","guid":{"rendered":"https:\/\/lucacastelli.com\/?post_type=product&#038;p=479411"},"modified":"2026-04-15T00:02:09","modified_gmt":"2026-04-14T22:02:09","slug":"crazy-pant-viper-2","status":"publish","type":"product","link":"https:\/\/lucacastelli.com\/de\/produkt\/crazy-pant-viper-2\/","title":{"rendered":"CRAZY PANT VIPER"},"content":{"rendered":"<p>Hose f\u00fcr Wintertrekking und Schneeschuhwandern mit technischem und dynamischem Look. Es besteht aus weichem Softshell-Gewebe ohne Membran, mit DWR (wasserabweisend), winddicht, Anti-Pilling- und rei\u00dffester Behandlung. Der elastische Boden bedeckt den Stiefel und reduziert die M\u00f6glichkeit des Eindringens von Schnee. Die Protektoren aus leichtem, atmungsaktivem, hochfestem Gewebe an den Knien, die Patte mit Rei\u00dfverschluss, zwei bequeme verschwei\u00dfte Taschen, mit Rei\u00dfverschluss und das bequeme High-Band-Gummiband an der verstellbaren Taille vervollst\u00e4ndigen die Eigenschaften des Kleidungsst\u00fccks.   <\/p>\n<p>Bund mit verstellbaren<br \/>\nKordelzugtaschen mit gelaserten und geklebten Rei\u00dfverschl\u00fcssen Ges\u00e4\u00dftasche<br \/>\nmit unsichtbaren<br \/>\nRei\u00dfverschluss-Lichtverst\u00e4rkungen an den Knien<\/p>\n","protected":false},"excerpt":{"rendered":"<p>Hose f\u00fcr Wintertrekking und Schneeschuhwandern mit technischem und dynamischem Look. Es besteht aus weichem Softshell-Gewebe ohne Membran, mit DWR (wasserabweisend),<\/p>\n","protected":false},"featured_media":82905,"template":"","meta":{"_seopress_robots_primary_cat":"","_seopress_titles_title":"","_seopress_titles_desc":"","_seopress_robots_index":""},"product_brand":[3614],"product_cat":[974,975,82],"product_tag":[],"class_list":{"0":"post-479411","1":"product","2":"type-product","3":"status-publish","4":"has-post-thumbnail","6":"product_brand-crazy-de","7":"product_cat-freizeitkleidung","8":"product_cat-herrenbekleidung","9":"product_cat-kleidung","10":"sws-gruppo-abb-libero-de","11":"sws-conto-ricavi-merci-rivendita-abbigliamento-de","12":"sws-gruppo-iva-iva81-de","14":"first","15":"instock","16":"sale","17":"shipping-taxable","18":"purchasable","19":"product-type-variable"},"_links":{"self":[{"href":"https:\/\/lucacastelli.com\/de\/wp-json\/wp\/v2\/product\/479411","targetHints":{"allow":["GET"]}}],"collection":[{"href":"https:\/\/lucacastelli.com\/de\/wp-json\/wp\/v2\/product"}],"about":[{"href":"https:\/\/lucacastelli.com\/de\/wp-json\/wp\/v2\/types\/product"}],"wp:featuredmedia":[{"embeddable":true,"href":"https:\/\/lucacastelli.com\/de\/wp-json\/wp\/v2\/media\/82905"}],"wp:attachment":[{"href":"https:\/\/lucacastelli.com\/de\/wp-json\/wp\/v2\/media?parent=479411"}],"wp:term":[{"taxonomy":"product_brand","embeddable":true,"href":"https:\/\/lucacastelli.com\/de\/wp-json\/wp\/v2\/product_brand?post=479411"},{"taxonomy":"product_cat","embeddable":true,"href":"https:\/\/lucacastelli.com\/de\/wp-json\/wp\/v2\/product_cat?post=479411"},{"taxonomy":"product_tag","embeddable":true,"href":"https:\/\/lucacastelli.com\/de\/wp-json\/wp\/v2\/product_tag?post=479411"}],"curies":[{"name":"wp","href":"https:\/\/api.w.org\/{rel}","templated":true}]}}