{"id":479410,"date":"2022-10-05T15:13:50","date_gmt":"2022-10-05T13:13:50","guid":{"rendered":"https:\/\/lucacastelli.com\/?post_type=product&#038;p=479410"},"modified":"2026-04-18T01:35:15","modified_gmt":"2026-04-17T23:35:15","slug":"crazy-pant-electra-3","status":"publish","type":"product","link":"https:\/\/lucacastelli.com\/de\/produkt\/crazy-pant-electra-3\/","title":{"rendered":"CRAZY PANT ELECTRA"},"content":{"rendered":"<p>Die aktive Skitourenhose f\u00fcr alle, die zwar nicht an Wettk\u00e4mpfen teilnehmen, aber trainiert und dynamisch sind und essenzielle Kleidungsst\u00fccke f\u00fcr einen spezifischen Einsatz suchen. Auch hier eine Umbenennung der bew\u00e4hrten B-Side, die sich erneuert und verwandelt, um eine homogene Produktpalette f\u00fcr Skitouren zu pr\u00e4sentieren. Sie besteht aus zwei Hauptmaterialien: Der vordere Teil ist aus weichem Softshell-Gewebe ohne Membran, mit DWR-Eigenschaften (wasserabweisend), winddicht, antipilling und rei\u00dffest, der hintere Teil ist aus komfortablem, hochatmungsaktivem und thermischem Vuelta &#8220;Made in Italy&#8221;. Der Bund ist offen, mit Knopf und unsichtbarem Rei\u00dfverschluss, die beiden Vordertaschen sind mit Rei\u00dfverschluss versehen, der Beinabschluss mit hochfestem Gummizug und Rei\u00dfverschlussverstellung \u2013 ein unverzichtbares Kleidungsst\u00fcck f\u00fcr alle, die ein perfektes Produkt verlangen.   <\/p>\n<p>Bund\u00f6ffnung mit Knopf und unsichtbarem Rei\u00dfverschluss<br \/>\nHandtaschen mit Sicherheitsrei\u00dfverschluss<br \/>\nBeinabschluss mit elastischem Einsatz und Rei\u00dfverschluss<\/p>\n","protected":false},"excerpt":{"rendered":"<p>Die aktive Skitourenhose f\u00fcr alle, die zwar nicht an Wettk\u00e4mpfen teilnehmen, aber trainiert und dynamisch sind und essenzielle Kleidungsst\u00fccke f\u00fcr<\/p>\n","protected":false},"featured_media":82929,"template":"","meta":{"_seopress_robots_primary_cat":"","_seopress_titles_title":"","_seopress_titles_desc":"","_seopress_robots_index":""},"product_brand":[3614],"product_cat":[1388,974,82],"product_tag":[],"class_list":{"0":"post-479410","1":"product","2":"type-product","3":"status-publish","4":"has-post-thumbnail","6":"product_brand-crazy-de","7":"product_cat-damenbekleidung","8":"product_cat-freizeitkleidung","9":"product_cat-kleidung","10":"sws-gruppo-abb-libero-de","11":"sws-conto-ricavi-merci-rivendita-abbigliamento-de","12":"sws-gruppo-iva-iva81-de","14":"first","15":"instock","16":"sale","17":"shipping-taxable","18":"product-type-variable"},"_links":{"self":[{"href":"https:\/\/lucacastelli.com\/de\/wp-json\/wp\/v2\/product\/479410","targetHints":{"allow":["GET"]}}],"collection":[{"href":"https:\/\/lucacastelli.com\/de\/wp-json\/wp\/v2\/product"}],"about":[{"href":"https:\/\/lucacastelli.com\/de\/wp-json\/wp\/v2\/types\/product"}],"wp:featuredmedia":[{"embeddable":true,"href":"https:\/\/lucacastelli.com\/de\/wp-json\/wp\/v2\/media\/82929"}],"wp:attachment":[{"href":"https:\/\/lucacastelli.com\/de\/wp-json\/wp\/v2\/media?parent=479410"}],"wp:term":[{"taxonomy":"product_brand","embeddable":true,"href":"https:\/\/lucacastelli.com\/de\/wp-json\/wp\/v2\/product_brand?post=479410"},{"taxonomy":"product_cat","embeddable":true,"href":"https:\/\/lucacastelli.com\/de\/wp-json\/wp\/v2\/product_cat?post=479410"},{"taxonomy":"product_tag","embeddable":true,"href":"https:\/\/lucacastelli.com\/de\/wp-json\/wp\/v2\/product_tag?post=479410"}],"curies":[{"name":"wp","href":"https:\/\/api.w.org\/{rel}","templated":true}]}}