{"id":479395,"date":"2022-10-05T15:11:38","date_gmt":"2022-10-05T13:11:38","guid":{"rendered":"https:\/\/lucacastelli.com\/?post_type=product&#038;p=479395"},"modified":"2026-04-18T01:41:56","modified_gmt":"2026-04-17T23:41:56","slug":"crazy-pant-ionic-2","status":"publish","type":"product","link":"https:\/\/lucacastelli.com\/de\/produkt\/crazy-pant-ionic-2\/","title":{"rendered":"CRAZY PANT IONIC"},"content":{"rendered":"<p>Mit dieser Hose vervollst\u00e4ndigen wir unsere ikonische Ionic-Familie. Sie ist aus dem Softshell Endurance gefertigt: atmungsaktiv, bielastisch und wasserabweisend dank DWR-Behandlung. Einige Teile, wie die Kniekehle, der Bund und der Zwickel am Unterschenkel, sind aus italienischem Vuelta-Fleece: atmungsaktiv und weich. Sie hat eine auff\u00e4llige aufgesetzte Tasche am rechten Bein in Kontrastfarbe, das Beinende verf\u00fcgt \u00fcber einen Rei\u00dfverschluss mit Faltenbalg zur Anpassung an Stiefel. Der Bund ist verstellbar und an den Seiten befindet sich ein komfortabler Elastikbund.    <\/p>\n<p>komfortabler Elastikbund<br \/>\nHandtaschen mit Rei\u00dfverschluss und aufgesetzte gro\u00dfe Tasche<br \/>\nBeinende mit Faltenbalg und Rei\u00dfverschluss<\/p>\n","protected":false},"excerpt":{"rendered":"<p>Mit dieser Hose vervollst\u00e4ndigen wir unsere ikonische Ionic-Familie. Sie ist aus dem Softshell Endurance gefertigt: atmungsaktiv, bielastisch und wasserabweisend dank<\/p>\n","protected":false},"featured_media":82914,"template":"","meta":{"_seopress_robots_primary_cat":"","_seopress_titles_title":"","_seopress_titles_desc":"","_seopress_robots_index":""},"product_brand":[3614],"product_cat":[1388,974,82],"product_tag":[],"class_list":{"0":"post-479395","1":"product","2":"type-product","3":"status-publish","4":"has-post-thumbnail","6":"product_brand-crazy-de","7":"product_cat-damenbekleidung","8":"product_cat-freizeitkleidung","9":"product_cat-kleidung","10":"sws-gruppo-abb-libero-de","11":"sws-conto-ricavi-merci-rivendita-abbigliamento-de","12":"sws-gruppo-iva-iva81-de","14":"first","15":"instock","16":"sale","17":"shipping-taxable","18":"product-type-variable"},"_links":{"self":[{"href":"https:\/\/lucacastelli.com\/de\/wp-json\/wp\/v2\/product\/479395","targetHints":{"allow":["GET"]}}],"collection":[{"href":"https:\/\/lucacastelli.com\/de\/wp-json\/wp\/v2\/product"}],"about":[{"href":"https:\/\/lucacastelli.com\/de\/wp-json\/wp\/v2\/types\/product"}],"wp:featuredmedia":[{"embeddable":true,"href":"https:\/\/lucacastelli.com\/de\/wp-json\/wp\/v2\/media\/82914"}],"wp:attachment":[{"href":"https:\/\/lucacastelli.com\/de\/wp-json\/wp\/v2\/media?parent=479395"}],"wp:term":[{"taxonomy":"product_brand","embeddable":true,"href":"https:\/\/lucacastelli.com\/de\/wp-json\/wp\/v2\/product_brand?post=479395"},{"taxonomy":"product_cat","embeddable":true,"href":"https:\/\/lucacastelli.com\/de\/wp-json\/wp\/v2\/product_cat?post=479395"},{"taxonomy":"product_tag","embeddable":true,"href":"https:\/\/lucacastelli.com\/de\/wp-json\/wp\/v2\/product_tag?post=479395"}],"curies":[{"name":"wp","href":"https:\/\/api.w.org\/{rel}","templated":true}]}}