{"id":479382,"date":"2022-09-21T11:52:31","date_gmt":"2022-09-21T09:52:31","guid":{"rendered":"https:\/\/lucacastelli.com\/?post_type=product&#038;p=479382"},"modified":"2026-03-01T00:26:21","modified_gmt":"2026-02-28T23:26:21","slug":"crazy-rock-kanal-2","status":"publish","type":"product","link":"https:\/\/lucacastelli.com\/de\/produkt\/crazy-rock-kanal-2\/","title":{"rendered":"CRAZY ROCK-KANAL"},"content":{"rendered":"<p>Gepolsterter Sportrock, perfekt f\u00fcr Outdoor-Aktivit\u00e4ten, der als Beinstulpen \u00fcber Leggings, Skitouren- oder Wanderhosen getragen werden kann. Der Au\u00dfenstoff ist ein innovatives Nylon, das dank der I-TUBE: Seamless-Technologie das Problem des Auslaufens der JOY-Wattierung beseitigt, die von unserer Forschungs- und Entwicklungsabteilung aufgrund ihrer \u00e4hnlichen Eigenschaften wie nat\u00fcrliche Daunen ausgew\u00e4hlt wurde, mit dem Vorteil, dass sie wasserabweisend und schnell trocknend ist. Der hohe Bund aus italienischer VUELTA-Softshell garantiert Enge, Komfort und W\u00e4rme an den H\u00fcften und am unteren R\u00fccken. Die beiden seitlichen Doppelschieber-Rei\u00dfverschl\u00fcsse garantieren, wenn sie teilweise ge\u00f6ffnet bleiben, hohen Komfort unterwegs.   <\/p>\n<p>&#8211; hohes Band bei der italienischen Vuelta &#8211; lange \u00d6ffnung mit Rei\u00dfverschluss auf der einen Seite &#8211; kurzer Verstellrei\u00dfverschluss auf der anderen Seite<\/p>\n","protected":false},"excerpt":{"rendered":"<p>Gepolsterter Sportrock, perfekt f\u00fcr Outdoor-Aktivit\u00e4ten, der als Beinstulpen \u00fcber Leggings, Skitouren- oder Wanderhosen getragen werden kann. Der Au\u00dfenstoff ist ein<\/p>\n","protected":false},"featured_media":81845,"template":"","meta":{"_seopress_robots_primary_cat":"","_seopress_titles_title":"","_seopress_titles_desc":"","_seopress_robots_index":""},"product_brand":[3413],"product_cat":[21,189,200],"product_tag":[],"class_list":{"0":"post-479382","1":"product","2":"type-product","3":"status-publish","4":"has-post-thumbnail","6":"product_brand-crazy","7":"product_cat-abbigliamento","8":"product_cat-abbigliamento-per-il-tempo-libero","9":"product_cat-abbigliamento-da-donna","10":"sws-gruppo-abb-libero-de","11":"sws-conto-ricavi-merci-rivendita-abbigliamento-de","12":"sws-gruppo-iva-iva81-de","14":"first","15":"instock","16":"shipping-taxable","17":"purchasable","18":"product-type-variable"},"_links":{"self":[{"href":"https:\/\/lucacastelli.com\/de\/wp-json\/wp\/v2\/product\/479382","targetHints":{"allow":["GET"]}}],"collection":[{"href":"https:\/\/lucacastelli.com\/de\/wp-json\/wp\/v2\/product"}],"about":[{"href":"https:\/\/lucacastelli.com\/de\/wp-json\/wp\/v2\/types\/product"}],"wp:featuredmedia":[{"embeddable":true,"href":"https:\/\/lucacastelli.com\/de\/wp-json\/wp\/v2\/media\/81845"}],"wp:attachment":[{"href":"https:\/\/lucacastelli.com\/de\/wp-json\/wp\/v2\/media?parent=479382"}],"wp:term":[{"taxonomy":"product_brand","embeddable":true,"href":"https:\/\/lucacastelli.com\/de\/wp-json\/wp\/v2\/product_brand?post=479382"},{"taxonomy":"product_cat","embeddable":true,"href":"https:\/\/lucacastelli.com\/de\/wp-json\/wp\/v2\/product_cat?post=479382"},{"taxonomy":"product_tag","embeddable":true,"href":"https:\/\/lucacastelli.com\/de\/wp-json\/wp\/v2\/product_tag?post=479382"}],"curies":[{"name":"wp","href":"https:\/\/api.w.org\/{rel}","templated":true}]}}