{"id":479360,"date":"2022-09-21T10:01:57","date_gmt":"2022-09-21T08:01:57","guid":{"rendered":"https:\/\/lucacastelli.com\/?post_type=product&#038;p=479360"},"modified":"2026-03-01T00:26:20","modified_gmt":"2026-02-28T23:26:20","slug":"crazy-pull-auflosung","status":"publish","type":"product","link":"https:\/\/lucacastelli.com\/de\/produkt\/crazy-pull-auflosung\/","title":{"rendered":"CRAZY PULL-AUFL\u00d6SUNG"},"content":{"rendered":"<p>Der Kapuzenpullover Resolution ist das Symbol und der Bestseller der Kollektion. Es ist ein \u00e4u\u00dferst vielseitiges Modell f\u00fcr Skitouren, das als Zwischenschicht an besonders kalten Tagen oder als Outdoor-Schicht in der Zwischensaison verwendet werden kann. Komplize des gro\u00dfen Erfolgs ist sicherlich der Look, frisch, jung und fesselnd. Es wird vollst\u00e4ndig aus dem bew\u00e4hrten High Performance 3 D-Fleece mit Wabenzellen hergestellt, die eine hohe Atmungsaktivit\u00e4t garantieren, das Gewebe im Inneren hat eine Graphen-Behandlung mit w\u00e4rmeregulierenden, verschlei\u00dffesten, antistatischen und bakteriostatischen Eigenschaften. Sportliche Passform, Kapuze und Saum mit elastischer Kante, Front\u00f6ffnung mit Rei\u00dfverschluss, Taschen mit Rei\u00dfverschluss und innenliegende LVS-Tasche sind Details, die den dynamischen Charakter unterstreichen.    <\/p>\n<p>offener Schieber mit Rei\u00dfverschluss und Kapuzentaschen<br \/>\nvorne, H\u00e4nde mit Rei\u00dfverschluss<br \/>\nInnentasche ARTVA-T\u00fcr<br \/>\n, elastische Kanten an der Kapuze<br \/>\n, HP 3D-Gewebe mit Wabenkammern,<br \/>\nInnengewebe mit Graphen-Behandlung<\/p>\n","protected":false},"excerpt":{"rendered":"<p>Der Kapuzenpullover Resolution ist das Symbol und der Bestseller der Kollektion. Es ist ein \u00e4u\u00dferst vielseitiges Modell f\u00fcr Skitouren, das<\/p>\n","protected":false},"featured_media":81766,"template":"","meta":{"_seopress_robots_primary_cat":"","_seopress_titles_title":"","_seopress_titles_desc":"","_seopress_robots_index":""},"product_brand":[3413],"product_cat":[21,189,190],"product_tag":[],"class_list":{"0":"post-479360","1":"product","2":"type-product","3":"status-publish","4":"has-post-thumbnail","6":"product_brand-crazy","7":"product_cat-abbigliamento","8":"product_cat-abbigliamento-per-il-tempo-libero","9":"product_cat-abbigliamento-da-uomo","10":"sws-gruppo-abb-libero-de","11":"sws-conto-ricavi-merci-rivendita-abbigliamento-de","12":"sws-gruppo-iva-iva81-de","14":"first","15":"instock","16":"shipping-taxable","17":"purchasable","18":"product-type-variable"},"_links":{"self":[{"href":"https:\/\/lucacastelli.com\/de\/wp-json\/wp\/v2\/product\/479360","targetHints":{"allow":["GET"]}}],"collection":[{"href":"https:\/\/lucacastelli.com\/de\/wp-json\/wp\/v2\/product"}],"about":[{"href":"https:\/\/lucacastelli.com\/de\/wp-json\/wp\/v2\/types\/product"}],"wp:featuredmedia":[{"embeddable":true,"href":"https:\/\/lucacastelli.com\/de\/wp-json\/wp\/v2\/media\/81766"}],"wp:attachment":[{"href":"https:\/\/lucacastelli.com\/de\/wp-json\/wp\/v2\/media?parent=479360"}],"wp:term":[{"taxonomy":"product_brand","embeddable":true,"href":"https:\/\/lucacastelli.com\/de\/wp-json\/wp\/v2\/product_brand?post=479360"},{"taxonomy":"product_cat","embeddable":true,"href":"https:\/\/lucacastelli.com\/de\/wp-json\/wp\/v2\/product_cat?post=479360"},{"taxonomy":"product_tag","embeddable":true,"href":"https:\/\/lucacastelli.com\/de\/wp-json\/wp\/v2\/product_tag?post=479360"}],"curies":[{"name":"wp","href":"https:\/\/api.w.org\/{rel}","templated":true}]}}