{"id":479359,"date":"2022-09-21T11:13:26","date_gmt":"2022-09-21T09:13:26","guid":{"rendered":"https:\/\/lucacastelli.com\/?post_type=product&#038;p=479359"},"modified":"2026-03-01T00:26:20","modified_gmt":"2026-02-28T23:26:20","slug":"crazy-magma-ziehen","status":"publish","type":"product","link":"https:\/\/lucacastelli.com\/de\/produkt\/crazy-magma-ziehen\/","title":{"rendered":"CRAZY MAGMA ZIEHEN"},"content":{"rendered":"<p>Eine revolution\u00e4re hybride zweite Schicht f\u00fcr die extremsten Situationen. Dank zweier au\u00dfergew\u00f6hnlicher Stoffe bietet es mehr W\u00e4rme als jede andere Zwischenschicht in unserer Kollektion, w\u00e4hrend es einen minimalen Fu\u00dfabdruck und eine athletische Passform beibeh\u00e4lt. Es wurde entwickelt, um als Oberbekleidung beim Bergsteigen auf hohem Niveau an kalten, windstillen Tagen verwendet zu werden, oder wenn Sie W\u00e4rme auf kleinem Raum suchen. Der Kragen ist hoch und sch\u00fctzend, der Frontrei\u00dfverschluss ist teilbar, er hat eine geklebte Brusttasche mit Rei\u00dfverschluss sowie zwei Innentaschen mit elastischen Paspeln, die die Verwendung auch beim Tragen eines Klettergurts erleichtern. Bei den Stoffen handelt es sich um Polartec Thermal Pro im oberen Rumpf und ein extrem elastisches, atmungsaktives Fleece.    <\/p>\n<p>weicher und warmer Hybrid-Pullover auf kleinem Raum<br \/>\nteilbar<br \/>\n, Brusttasche mit Rei\u00dfverschluss vorne<br \/>\n, zwei Innentaschen mit elastischen Paspeln<br \/>\n, Polartec Thermal Fleece und Sorona<\/p>\n","protected":false},"excerpt":{"rendered":"<p>Eine revolution\u00e4re hybride zweite Schicht f\u00fcr die extremsten Situationen. Dank zweier au\u00dfergew\u00f6hnlicher Stoffe bietet es mehr W\u00e4rme als jede andere<\/p>\n","protected":false},"featured_media":81815,"template":"","meta":{"_seopress_robots_primary_cat":"","_seopress_titles_title":"","_seopress_titles_desc":"","_seopress_robots_index":""},"product_brand":[3413],"product_cat":[21,189,190],"product_tag":[],"class_list":{"0":"post-479359","1":"product","2":"type-product","3":"status-publish","4":"has-post-thumbnail","6":"product_brand-crazy","7":"product_cat-abbigliamento","8":"product_cat-abbigliamento-per-il-tempo-libero","9":"product_cat-abbigliamento-da-uomo","10":"sws-gruppo-abb-libero-de","11":"sws-conto-ricavi-merci-rivendita-abbigliamento-de","12":"sws-gruppo-iva-iva81-de","14":"first","15":"instock","16":"shipping-taxable","17":"purchasable","18":"product-type-variable"},"_links":{"self":[{"href":"https:\/\/lucacastelli.com\/de\/wp-json\/wp\/v2\/product\/479359","targetHints":{"allow":["GET"]}}],"collection":[{"href":"https:\/\/lucacastelli.com\/de\/wp-json\/wp\/v2\/product"}],"about":[{"href":"https:\/\/lucacastelli.com\/de\/wp-json\/wp\/v2\/types\/product"}],"wp:featuredmedia":[{"embeddable":true,"href":"https:\/\/lucacastelli.com\/de\/wp-json\/wp\/v2\/media\/81815"}],"wp:attachment":[{"href":"https:\/\/lucacastelli.com\/de\/wp-json\/wp\/v2\/media?parent=479359"}],"wp:term":[{"taxonomy":"product_brand","embeddable":true,"href":"https:\/\/lucacastelli.com\/de\/wp-json\/wp\/v2\/product_brand?post=479359"},{"taxonomy":"product_cat","embeddable":true,"href":"https:\/\/lucacastelli.com\/de\/wp-json\/wp\/v2\/product_cat?post=479359"},{"taxonomy":"product_tag","embeddable":true,"href":"https:\/\/lucacastelli.com\/de\/wp-json\/wp\/v2\/product_tag?post=479359"}],"curies":[{"name":"wp","href":"https:\/\/api.w.org\/{rel}","templated":true}]}}