{"id":479306,"date":"2022-09-21T09:58:06","date_gmt":"2022-09-21T07:58:06","guid":{"rendered":"https:\/\/lucacastelli.com\/?post_type=product&#038;p=479306"},"modified":"2026-03-01T00:26:21","modified_gmt":"2026-02-28T23:26:21","slug":"crazy-pant-nach-3","status":"publish","type":"product","link":"https:\/\/lucacastelli.com\/de\/produkt\/crazy-pant-nach-3\/","title":{"rendered":"CRAZY PANT NACH"},"content":{"rendered":"<p>Weiche, bequeme und bequeme Hose f\u00fcr Outdoor- und Freizeitaktivit\u00e4ten, eine der S\u00e4ulen unserer Lifestyle-Kollektion. Wie viele Kleidungsst\u00fccke in unserer Freizeitkollektion wird es h\u00e4ufig zum Klettern an Klippen oder in der Halle verwendet. Es wird je nach Farbvariante in verschiedenen Stoffen hergestellt, von strapazierf\u00e4higer Stretch-Baumwolle \u00fcber Jeans bis hin zu einem warmen Stoff mit Wolleffekt. Bequemer Bund, perfekt auch mit einem Klettergurt.  <\/p>\n<p>Bequemer hoher Bund<br \/>\n, verstellbare Beinabschl\u00fcsse mit elastischer Kordelpassform<br \/>\nund Komfort f\u00fcr die Freizeit<\/p>\n","protected":false},"excerpt":{"rendered":"<p>Weiche, bequeme und bequeme Hose f\u00fcr Outdoor- und Freizeitaktivit\u00e4ten, eine der S\u00e4ulen unserer Lifestyle-Kollektion. Wie viele Kleidungsst\u00fccke in unserer Freizeitkollektion<\/p>\n","protected":false},"featured_media":81736,"template":"","meta":{"_seopress_robots_primary_cat":"","_seopress_titles_title":"","_seopress_titles_desc":"","_seopress_robots_index":""},"product_brand":[3413],"product_cat":[21,189,200],"product_tag":[],"class_list":{"0":"post-479306","1":"product","2":"type-product","3":"status-publish","4":"has-post-thumbnail","6":"product_brand-crazy","7":"product_cat-abbigliamento","8":"product_cat-abbigliamento-per-il-tempo-libero","9":"product_cat-abbigliamento-da-donna","10":"sws-gruppo-abb-libero-de","11":"sws-conto-ricavi-merci-rivendita-abbigliamento-de","12":"sws-gruppo-iva-iva81-de","14":"first","15":"instock","16":"shipping-taxable","17":"purchasable","18":"product-type-variable"},"_links":{"self":[{"href":"https:\/\/lucacastelli.com\/de\/wp-json\/wp\/v2\/product\/479306","targetHints":{"allow":["GET"]}}],"collection":[{"href":"https:\/\/lucacastelli.com\/de\/wp-json\/wp\/v2\/product"}],"about":[{"href":"https:\/\/lucacastelli.com\/de\/wp-json\/wp\/v2\/types\/product"}],"wp:featuredmedia":[{"embeddable":true,"href":"https:\/\/lucacastelli.com\/de\/wp-json\/wp\/v2\/media\/81736"}],"wp:attachment":[{"href":"https:\/\/lucacastelli.com\/de\/wp-json\/wp\/v2\/media?parent=479306"}],"wp:term":[{"taxonomy":"product_brand","embeddable":true,"href":"https:\/\/lucacastelli.com\/de\/wp-json\/wp\/v2\/product_brand?post=479306"},{"taxonomy":"product_cat","embeddable":true,"href":"https:\/\/lucacastelli.com\/de\/wp-json\/wp\/v2\/product_cat?post=479306"},{"taxonomy":"product_tag","embeddable":true,"href":"https:\/\/lucacastelli.com\/de\/wp-json\/wp\/v2\/product_tag?post=479306"}],"curies":[{"name":"wp","href":"https:\/\/api.w.org\/{rel}","templated":true}]}}