{"id":479296,"date":"2022-06-28T15:36:10","date_gmt":"2022-06-28T13:36:10","guid":{"rendered":"https:\/\/lucacastelli.com\/?post_type=product&#038;p=479296"},"modified":"2026-03-01T00:26:23","modified_gmt":"2026-02-28T23:26:23","slug":"crazy-l-kurz-kimera-2","status":"publish","type":"product","link":"https:\/\/lucacastelli.com\/de\/produkt\/crazy-l-kurz-kimera-2\/","title":{"rendered":"CRAZY L\/KURZ KIMERA"},"content":{"rendered":"<p>Die Kimera Long Short war schon immer ein sehr erfolgreiches Produkt, der perfekte Interpret der Crazy Lifestyle-Kollektion, die sowohl f\u00fcr Outdoor-Aktivit\u00e4ten als auch f\u00fcr Momente der Entspannung geeignet ist. Hergestellt aus frischer und bi-elastischer Performance-Baumwolle, farbig und superleicht, oder in Jeans mit den gleichen Eigenschaften und verziert mit Eins\u00e4tzen aus Liberty London-Stoff. Es hat einen bequemen elastischen Bund und B\u00fcndchen an der Unterseite des Beins.  <\/p>\n<p>Produkt Performance Stoff Baumwolle<br \/>\nBequemer elastischer Bund<br \/>\nEins\u00e4tze Liberty London<br \/>\nTaschen Strickb\u00fcndchen unten am Bein<\/p>\n","protected":false},"excerpt":{"rendered":"<p>Die Kimera Long Short war schon immer ein sehr erfolgreiches Produkt, der perfekte Interpret der Crazy Lifestyle-Kollektion, die sowohl f\u00fcr<\/p>\n","protected":false},"featured_media":72750,"template":"","meta":{"_seopress_robots_primary_cat":"","_seopress_titles_title":"","_seopress_titles_desc":"","_seopress_robots_index":""},"product_brand":[3614],"product_cat":[1388,974,82],"product_tag":[],"class_list":{"0":"post-479296","1":"product","2":"type-product","3":"status-publish","4":"has-post-thumbnail","6":"product_brand-crazy-de","7":"product_cat-damenbekleidung","8":"product_cat-freizeitkleidung","9":"product_cat-kleidung","10":"sws-gruppo-abb-libero-de","11":"sws-conto-ricavi-merci-rivendita-abbigliamento-de","12":"sws-gruppo-iva-iva81-de","14":"first","15":"instock","16":"shipping-taxable","17":"purchasable","18":"product-type-variable"},"_links":{"self":[{"href":"https:\/\/lucacastelli.com\/de\/wp-json\/wp\/v2\/product\/479296","targetHints":{"allow":["GET"]}}],"collection":[{"href":"https:\/\/lucacastelli.com\/de\/wp-json\/wp\/v2\/product"}],"about":[{"href":"https:\/\/lucacastelli.com\/de\/wp-json\/wp\/v2\/types\/product"}],"wp:featuredmedia":[{"embeddable":true,"href":"https:\/\/lucacastelli.com\/de\/wp-json\/wp\/v2\/media\/72750"}],"wp:attachment":[{"href":"https:\/\/lucacastelli.com\/de\/wp-json\/wp\/v2\/media?parent=479296"}],"wp:term":[{"taxonomy":"product_brand","embeddable":true,"href":"https:\/\/lucacastelli.com\/de\/wp-json\/wp\/v2\/product_brand?post=479296"},{"taxonomy":"product_cat","embeddable":true,"href":"https:\/\/lucacastelli.com\/de\/wp-json\/wp\/v2\/product_cat?post=479296"},{"taxonomy":"product_tag","embeddable":true,"href":"https:\/\/lucacastelli.com\/de\/wp-json\/wp\/v2\/product_tag?post=479296"}],"curies":[{"name":"wp","href":"https:\/\/api.w.org\/{rel}","templated":true}]}}