{"id":479248,"date":"2022-06-28T15:15:13","date_gmt":"2022-06-28T13:15:13","guid":{"rendered":"https:\/\/lucacastelli.com\/?post_type=product&#038;p=479248"},"modified":"2026-04-18T01:39:40","modified_gmt":"2026-04-17T23:39:40","slug":"crazy-t-shirt-mandala-3","status":"publish","type":"product","link":"https:\/\/lucacastelli.com\/de\/produkt\/crazy-t-shirt-mandala-3\/","title":{"rendered":"CRAZY T-SHIRT MANDALA"},"content":{"rendered":"<p>Das Mandala T-Shirt wirkt wie ein perfektes Produkt f\u00fcr den t\u00e4glichen Gebrauch in der Stadt, aber wie alle Crazy-Produkte ist es f\u00fcr die Freizeit auf dem Land und im Wald konzipiert. Es wird aus Naturhanf hergestellt. Besonders charakteristisch sind der V-Ausschnitt und die sehr kurzen, geschnittenen \u00c4rmel mit Einfassung.  <\/p>\n<p>Merkmale:<\/p>\n<p>Naturhanf<br \/>\nV-Ausschnitt<br \/>\nErh\u00e4ltlich in Versionen mit handwerklichen F\u00e4rbungen und handgefertigten Effekten<\/p>\n","protected":false},"excerpt":{"rendered":"<p>Das Mandala T-Shirt wirkt wie ein perfektes Produkt f\u00fcr den t\u00e4glichen Gebrauch in der Stadt, aber wie alle Crazy-Produkte ist<\/p>\n","protected":false},"featured_media":72714,"template":"","meta":{"_seopress_robots_primary_cat":"","_seopress_titles_title":"","_seopress_titles_desc":"","_seopress_robots_index":""},"product_brand":[3614],"product_cat":[1388,974,82],"product_tag":[],"class_list":{"0":"post-479248","1":"product","2":"type-product","3":"status-publish","4":"has-post-thumbnail","6":"product_brand-crazy-de","7":"product_cat-damenbekleidung","8":"product_cat-freizeitkleidung","9":"product_cat-kleidung","10":"sws-gruppo-abb-libero-de","11":"sws-conto-ricavi-merci-rivendita-abbigliamento-de","12":"sws-gruppo-iva-iva81-de","14":"first","15":"instock","16":"sale","17":"shipping-taxable","18":"product-type-variable"},"_links":{"self":[{"href":"https:\/\/lucacastelli.com\/de\/wp-json\/wp\/v2\/product\/479248","targetHints":{"allow":["GET"]}}],"collection":[{"href":"https:\/\/lucacastelli.com\/de\/wp-json\/wp\/v2\/product"}],"about":[{"href":"https:\/\/lucacastelli.com\/de\/wp-json\/wp\/v2\/types\/product"}],"wp:featuredmedia":[{"embeddable":true,"href":"https:\/\/lucacastelli.com\/de\/wp-json\/wp\/v2\/media\/72714"}],"wp:attachment":[{"href":"https:\/\/lucacastelli.com\/de\/wp-json\/wp\/v2\/media?parent=479248"}],"wp:term":[{"taxonomy":"product_brand","embeddable":true,"href":"https:\/\/lucacastelli.com\/de\/wp-json\/wp\/v2\/product_brand?post=479248"},{"taxonomy":"product_cat","embeddable":true,"href":"https:\/\/lucacastelli.com\/de\/wp-json\/wp\/v2\/product_cat?post=479248"},{"taxonomy":"product_tag","embeddable":true,"href":"https:\/\/lucacastelli.com\/de\/wp-json\/wp\/v2\/product_tag?post=479248"}],"curies":[{"name":"wp","href":"https:\/\/api.w.org\/{rel}","templated":true}]}}