{"id":479234,"date":"2022-06-28T09:48:54","date_gmt":"2022-06-28T07:48:54","guid":{"rendered":"https:\/\/lucacastelli.com\/?post_type=product&#038;p=479234"},"modified":"2026-04-15T00:02:11","modified_gmt":"2026-04-14T22:02:11","slug":"crazy-sauerstofflicht-ziehen-2","status":"publish","type":"product","link":"https:\/\/lucacastelli.com\/de\/produkt\/crazy-sauerstofflicht-ziehen-2\/","title":{"rendered":"CRAZY SAUERSTOFFLICHT ZIEHEN"},"content":{"rendered":"<p>Zweite Schutzschicht f\u00fcr den Einsatz beim Bergsteigen in gro\u00dfer H\u00f6he. Das innovative Konzept, Stoffe mit kaleidoskopischem Effekt zu kombinieren, hat es zu einem erfolgreichen Kleidungsst\u00fcck gemacht. Gewebe der Stretch-Serie in Kombination mit Mikrofaser mit kaleidoskopischem reflektierendem Au\u00dfendruck. Integrierte Kapuze mit elastischem Rand, \u00c4rmelunterseite mit Daumenschlaufe, Innenfutter mit Graphengarn innen und reflektierendem Druck auf der Au\u00dfenseite.   <\/p>\n<p>Funktionen:<\/p>\n<p>2 Seitentaschen<br \/>\nInnenkapuze<br \/>\n\u00c4rmelsohle mit Daumenschlaufen<br \/>\nInternes Graphengarn Reflektierender<br \/>\nAu\u00dfendruck<\/p>\n","protected":false},"excerpt":{"rendered":"<p>Zweite Schutzschicht f\u00fcr den Einsatz beim Bergsteigen in gro\u00dfer H\u00f6he. Das innovative Konzept, Stoffe mit kaleidoskopischem Effekt zu kombinieren, hat<\/p>\n","protected":false},"featured_media":72459,"template":"","meta":{"_seopress_robots_primary_cat":"","_seopress_titles_title":"","_seopress_titles_desc":"","_seopress_robots_index":""},"product_brand":[3614],"product_cat":[1388,974,82],"product_tag":[],"class_list":{"0":"post-479234","1":"product","2":"type-product","3":"status-publish","4":"has-post-thumbnail","6":"product_brand-crazy-de","7":"product_cat-damenbekleidung","8":"product_cat-freizeitkleidung","9":"product_cat-kleidung","10":"sws-gruppo-abb-libero-de","11":"sws-conto-ricavi-merci-rivendita-abbigliamento-de","12":"sws-gruppo-iva-iva81-de","14":"first","15":"instock","16":"sale","17":"shipping-taxable","18":"purchasable","19":"product-type-variable"},"_links":{"self":[{"href":"https:\/\/lucacastelli.com\/de\/wp-json\/wp\/v2\/product\/479234","targetHints":{"allow":["GET"]}}],"collection":[{"href":"https:\/\/lucacastelli.com\/de\/wp-json\/wp\/v2\/product"}],"about":[{"href":"https:\/\/lucacastelli.com\/de\/wp-json\/wp\/v2\/types\/product"}],"wp:featuredmedia":[{"embeddable":true,"href":"https:\/\/lucacastelli.com\/de\/wp-json\/wp\/v2\/media\/72459"}],"wp:attachment":[{"href":"https:\/\/lucacastelli.com\/de\/wp-json\/wp\/v2\/media?parent=479234"}],"wp:term":[{"taxonomy":"product_brand","embeddable":true,"href":"https:\/\/lucacastelli.com\/de\/wp-json\/wp\/v2\/product_brand?post=479234"},{"taxonomy":"product_cat","embeddable":true,"href":"https:\/\/lucacastelli.com\/de\/wp-json\/wp\/v2\/product_cat?post=479234"},{"taxonomy":"product_tag","embeddable":true,"href":"https:\/\/lucacastelli.com\/de\/wp-json\/wp\/v2\/product_tag?post=479234"}],"curies":[{"name":"wp","href":"https:\/\/api.w.org\/{rel}","templated":true}]}}