{"id":479221,"date":"2022-06-28T09:50:50","date_gmt":"2022-06-28T07:50:50","guid":{"rendered":"https:\/\/lucacastelli.com\/?post_type=product&#038;p=479221"},"modified":"2026-04-15T00:02:12","modified_gmt":"2026-04-14T22:02:12","slug":"crazy-skort-hidrogen","status":"publish","type":"product","link":"https:\/\/lucacastelli.com\/de\/produkt\/crazy-skort-hidrogen\/","title":{"rendered":"CRAZY SKORT HIDROGEN"},"content":{"rendered":"<p>Ein Rock f\u00fcr den Berg? Erst wenn Sie es w\u00e4hrend eines anspruchsvollen Ausflugs tragen, werden Sie erkennen, wie ein scheinbar modisches Kleidungsst\u00fcck bequem und bequem sein kann. Elastischer Bund und Innenshorts aus italienischem Revolutional Slim-Gewebe mit anerkannten Mikromassage-Eigenschaften, das den &#8220;Orangenhaut&#8221;-Effekt deutlich reduziert, Au\u00dfenstoff aus k\u00fchlem bi-elastischem und technischem Endurance Light. Hoher Bund mit Ges\u00e4\u00dftasche, einige Varianten mit reflektierendem Aufdruck.   <\/p>\n<p>Funktionen:<\/p>\n<p>Innenshorts in Revolutional Slim<br \/>\nIn den Bund<br \/>\nintegrierte Ges\u00e4\u00dftasche Digital<br \/>\ngedruckte Muster Reflektierende Logos<br \/>\nElastischer Bund<\/p>\n","protected":false},"excerpt":{"rendered":"<p>Ein Rock f\u00fcr den Berg? Erst wenn Sie es w\u00e4hrend eines anspruchsvollen Ausflugs tragen, werden Sie erkennen, wie ein scheinbar<\/p>\n","protected":false},"featured_media":72509,"template":"","meta":{"_seopress_robots_primary_cat":"","_seopress_titles_title":"","_seopress_titles_desc":"","_seopress_robots_index":""},"product_brand":[3614],"product_cat":[1388,974,82],"product_tag":[],"class_list":{"0":"post-479221","1":"product","2":"type-product","3":"status-publish","4":"has-post-thumbnail","6":"product_brand-crazy-de","7":"product_cat-damenbekleidung","8":"product_cat-freizeitkleidung","9":"product_cat-kleidung","10":"sws-gruppo-abb-libero-de","11":"sws-conto-ricavi-merci-rivendita-abbigliamento-de","12":"sws-gruppo-iva-iva81-de","14":"first","15":"instock","16":"sale","17":"shipping-taxable","18":"purchasable","19":"product-type-variable"},"_links":{"self":[{"href":"https:\/\/lucacastelli.com\/de\/wp-json\/wp\/v2\/product\/479221","targetHints":{"allow":["GET"]}}],"collection":[{"href":"https:\/\/lucacastelli.com\/de\/wp-json\/wp\/v2\/product"}],"about":[{"href":"https:\/\/lucacastelli.com\/de\/wp-json\/wp\/v2\/types\/product"}],"wp:featuredmedia":[{"embeddable":true,"href":"https:\/\/lucacastelli.com\/de\/wp-json\/wp\/v2\/media\/72509"}],"wp:attachment":[{"href":"https:\/\/lucacastelli.com\/de\/wp-json\/wp\/v2\/media?parent=479221"}],"wp:term":[{"taxonomy":"product_brand","embeddable":true,"href":"https:\/\/lucacastelli.com\/de\/wp-json\/wp\/v2\/product_brand?post=479221"},{"taxonomy":"product_cat","embeddable":true,"href":"https:\/\/lucacastelli.com\/de\/wp-json\/wp\/v2\/product_cat?post=479221"},{"taxonomy":"product_tag","embeddable":true,"href":"https:\/\/lucacastelli.com\/de\/wp-json\/wp\/v2\/product_tag?post=479221"}],"curies":[{"name":"wp","href":"https:\/\/api.w.org\/{rel}","templated":true}]}}