{"id":479194,"date":"2022-06-15T22:43:06","date_gmt":"2022-06-15T20:43:06","guid":{"rendered":"https:\/\/lucacastelli.com\/?post_type=product&#038;p=479194"},"modified":"2026-04-18T01:29:11","modified_gmt":"2026-04-17T23:29:11","slug":"crazy-pant-resolution-light","status":"publish","type":"product","link":"https:\/\/lucacastelli.com\/de\/produkt\/crazy-pant-resolution-light\/","title":{"rendered":"CRAZY PANT RESOLUTION LIGHT"},"content":{"rendered":"<p>Bequem, praktisch, vielseitig, aber vor allem sch\u00f6n \u2013 mit diesen Eigenschaften ist die Hose der Resolution-Linie ideal f\u00fcr angenehme Outdoor-Aktivit\u00e4ten. Sie ist aus Endurance Light-Gewebe gefertigt, bielastisch, k\u00fchl und leicht. Charakteristisch ist das Design durch den bequemen, farblich abgesetzten Bund und die aufgesetzte Beintasche. Der zu \u00f6ffnende Bund wird mit hochfesten \u201eCobrax\u201c-Druckkn\u00f6pfen geschlossen; neben der erw\u00e4hnten Beintasche verf\u00fcgen auch die beiden Seitentaschen \u00fcber einen Reissverschluss.<\/p>\n<p>Merkmale:<\/p>\n<p>Zwei Seitentaschen mit Reissverschluss<br \/>\nEine gelaserte und geklebte Oberschenkeltasche<br \/>\nG\u00fcrtelschlaufen<br \/>\nUltraflache COBRAX-Druckkn\u00f6pfe am Bund, hochfest<br \/>\nVerstellbarer Beinsaum mit Knopf<\/p>\n","protected":false},"excerpt":{"rendered":"<p>Bequem, praktisch, vielseitig, aber vor allem sch\u00f6n \u2013 mit diesen Eigenschaften ist die Hose der Resolution-Linie ideal f\u00fcr angenehme Outdoor-Aktivit\u00e4ten.<\/p>\n","protected":false},"featured_media":69829,"template":"","meta":{"_seopress_robots_primary_cat":"","_seopress_titles_title":"","_seopress_titles_desc":"","_seopress_robots_index":""},"product_brand":[3614],"product_cat":[974,975,82],"product_tag":[],"class_list":{"0":"post-479194","1":"product","2":"type-product","3":"status-publish","4":"has-post-thumbnail","6":"product_brand-crazy-de","7":"product_cat-freizeitkleidung","8":"product_cat-herrenbekleidung","9":"product_cat-kleidung","10":"sws-gruppo-abb-libero-de","11":"sws-conto-ricavi-merci-rivendita-abbigliamento-de","12":"sws-gruppo-iva-iva81-de","14":"first","15":"instock","16":"sale","17":"shipping-taxable","18":"product-type-variable"},"_links":{"self":[{"href":"https:\/\/lucacastelli.com\/de\/wp-json\/wp\/v2\/product\/479194","targetHints":{"allow":["GET"]}}],"collection":[{"href":"https:\/\/lucacastelli.com\/de\/wp-json\/wp\/v2\/product"}],"about":[{"href":"https:\/\/lucacastelli.com\/de\/wp-json\/wp\/v2\/types\/product"}],"wp:featuredmedia":[{"embeddable":true,"href":"https:\/\/lucacastelli.com\/de\/wp-json\/wp\/v2\/media\/69829"}],"wp:attachment":[{"href":"https:\/\/lucacastelli.com\/de\/wp-json\/wp\/v2\/media?parent=479194"}],"wp:term":[{"taxonomy":"product_brand","embeddable":true,"href":"https:\/\/lucacastelli.com\/de\/wp-json\/wp\/v2\/product_brand?post=479194"},{"taxonomy":"product_cat","embeddable":true,"href":"https:\/\/lucacastelli.com\/de\/wp-json\/wp\/v2\/product_cat?post=479194"},{"taxonomy":"product_tag","embeddable":true,"href":"https:\/\/lucacastelli.com\/de\/wp-json\/wp\/v2\/product_tag?post=479194"}],"curies":[{"name":"wp","href":"https:\/\/api.w.org\/{rel}","templated":true}]}}