{"id":479182,"date":"2022-06-22T19:44:07","date_gmt":"2022-06-22T17:44:07","guid":{"rendered":"https:\/\/lucacastelli.com\/?post_type=product&#038;p=479182"},"modified":"2026-04-18T01:41:03","modified_gmt":"2026-04-17T23:41:03","slug":"crazy-extrafleece-traverse-pullover","status":"publish","type":"product","link":"https:\/\/lucacastelli.com\/de\/produkt\/crazy-extrafleece-traverse-pullover\/","title":{"rendered":"CRAZY PULL TRAVERSE EXTRAFLEECE"},"content":{"rendered":"<p>Hybrid-Pullover mit Kapuze und seitlichem Halbrei\u00dfverschluss. Ideal f\u00fcr technischeren Einsatz, nicht nur Spazierg\u00e4nge, sondern auch Trekking und Skitouren an k\u00e4lteren Tagen. Das warme und atmungsaktive Fleece, kombiniert mit HP-Gewebe unter den \u00c4rmeln und Achseln, macht diesen Hybrid warm und funktional. Kapuze mit elastischem Rand und Kontrastn\u00e4hte sind die auff\u00e4lligsten Merkmale.   <\/p>\n<p>Weiche Kapuze mit elastischem Rand<br \/>\nFrontaler Halbrei\u00dfverschluss auf der rechten Halsseite positioniert<br \/>\nGro\u00dfe K\u00e4nguru-Tasche mit elastischen R\u00e4ndern<br \/>\nB\u00fcndchen mit Daumenschlaufe<\/p>\n","protected":false},"excerpt":{"rendered":"<p>Hybrid-Pullover mit Kapuze und seitlichem Halbrei\u00dfverschluss. Ideal f\u00fcr technischeren Einsatz, nicht nur Spazierg\u00e4nge, sondern auch Trekking und Skitouren an k\u00e4lteren<\/p>\n","protected":false},"featured_media":71530,"template":"","meta":{"_seopress_robots_primary_cat":"none","_seopress_titles_title":"","_seopress_titles_desc":"","_seopress_robots_index":""},"product_brand":[3614],"product_cat":[82,974,1388],"product_tag":[],"class_list":{"0":"post-479182","1":"product","2":"type-product","3":"status-publish","4":"has-post-thumbnail","6":"product_brand-crazy-de","7":"product_cat-kleidung","8":"product_cat-freizeitkleidung","9":"product_cat-damenbekleidung","10":"sws-gruppo-abb-libero-de","11":"sws-conto-ricavi-merci-rivendita-abbigliamento-de","12":"sws-gruppo-iva-iva81-de","14":"first","15":"instock","16":"sale","17":"shipping-taxable","18":"product-type-variable"},"_links":{"self":[{"href":"https:\/\/lucacastelli.com\/de\/wp-json\/wp\/v2\/product\/479182","targetHints":{"allow":["GET"]}}],"collection":[{"href":"https:\/\/lucacastelli.com\/de\/wp-json\/wp\/v2\/product"}],"about":[{"href":"https:\/\/lucacastelli.com\/de\/wp-json\/wp\/v2\/types\/product"}],"wp:featuredmedia":[{"embeddable":true,"href":"https:\/\/lucacastelli.com\/de\/wp-json\/wp\/v2\/media\/71530"}],"wp:attachment":[{"href":"https:\/\/lucacastelli.com\/de\/wp-json\/wp\/v2\/media?parent=479182"}],"wp:term":[{"taxonomy":"product_brand","embeddable":true,"href":"https:\/\/lucacastelli.com\/de\/wp-json\/wp\/v2\/product_brand?post=479182"},{"taxonomy":"product_cat","embeddable":true,"href":"https:\/\/lucacastelli.com\/de\/wp-json\/wp\/v2\/product_cat?post=479182"},{"taxonomy":"product_tag","embeddable":true,"href":"https:\/\/lucacastelli.com\/de\/wp-json\/wp\/v2\/product_tag?post=479182"}],"curies":[{"name":"wp","href":"https:\/\/api.w.org\/{rel}","templated":true}]}}