{"id":479150,"date":"2022-06-10T18:55:01","date_gmt":"2022-06-10T16:55:01","guid":{"rendered":"https:\/\/lucacastelli.com\/?post_type=product&#038;p=479150"},"modified":"2026-04-18T01:30:13","modified_gmt":"2026-04-17T23:30:13","slug":"crazy-auflosungslicht-ziehen","status":"publish","type":"product","link":"https:\/\/lucacastelli.com\/de\/produkt\/crazy-auflosungslicht-ziehen\/","title":{"rendered":"CRAZY PULL RESOLUTION LIGHT"},"content":{"rendered":"<p>Der Bestseller-Kapuzenpullover aus der Trekking-Kollektion Crazy, ein unverwechselbarer Stil, der zu den meistkopierten geh\u00f6rt. Hergestellt aus HP3D-Gewebe mit Wabenstruktur, ausgew\u00e4hlt von unserer F&amp;E-Abteilung f\u00fcr die richtige Mischung aus Leichtigkeit, W\u00e4rmeisolierung und Feuchtigkeitstransport vom K\u00f6rper nach aussen. Die grossen Taschen haben Reissverschl\u00fcsse, die flachen N\u00e4hte in Kontrastfarbe und der elastische Rand der Kapuze machen ihn auch als Unterhelm verwendbar.<\/p>\n<p>Merkmale:<\/p>\n<p>Kapuze mit elastischem Rand<br \/>\nFlache N\u00e4hte in Kontrastfarbe<br \/>\nGrosse Taschen mit Reissverschluss<br \/>\nElastischer Saum am Bund und \u00c4rmelsaum<\/p>\n","protected":false},"excerpt":{"rendered":"<p>Der Bestseller-Kapuzenpullover aus der Trekking-Kollektion Crazy, ein unverwechselbarer Stil, der zu den meistkopierten geh\u00f6rt. Hergestellt aus HP3D-Gewebe mit Wabenstruktur, ausgew\u00e4hlt<\/p>\n","protected":false},"featured_media":65324,"template":"","meta":{"_seopress_robots_primary_cat":"","_seopress_titles_title":"","_seopress_titles_desc":"","_seopress_robots_index":""},"product_brand":[3614],"product_cat":[82,974,975],"product_tag":[],"class_list":{"0":"post-479150","1":"product","2":"type-product","3":"status-publish","4":"has-post-thumbnail","6":"product_brand-crazy-de","7":"product_cat-kleidung","8":"product_cat-freizeitkleidung","9":"product_cat-herrenbekleidung","10":"sws-gruppo-abb-libero-de","11":"sws-conto-ricavi-merci-rivendita-abbigliamento-de","12":"sws-gruppo-iva-iva81-de","14":"first","15":"instock","16":"sale","17":"shipping-taxable","18":"product-type-variable"},"_links":{"self":[{"href":"https:\/\/lucacastelli.com\/de\/wp-json\/wp\/v2\/product\/479150","targetHints":{"allow":["GET"]}}],"collection":[{"href":"https:\/\/lucacastelli.com\/de\/wp-json\/wp\/v2\/product"}],"about":[{"href":"https:\/\/lucacastelli.com\/de\/wp-json\/wp\/v2\/types\/product"}],"wp:featuredmedia":[{"embeddable":true,"href":"https:\/\/lucacastelli.com\/de\/wp-json\/wp\/v2\/media\/65324"}],"wp:attachment":[{"href":"https:\/\/lucacastelli.com\/de\/wp-json\/wp\/v2\/media?parent=479150"}],"wp:term":[{"taxonomy":"product_brand","embeddable":true,"href":"https:\/\/lucacastelli.com\/de\/wp-json\/wp\/v2\/product_brand?post=479150"},{"taxonomy":"product_cat","embeddable":true,"href":"https:\/\/lucacastelli.com\/de\/wp-json\/wp\/v2\/product_cat?post=479150"},{"taxonomy":"product_tag","embeddable":true,"href":"https:\/\/lucacastelli.com\/de\/wp-json\/wp\/v2\/product_tag?post=479150"}],"curies":[{"name":"wp","href":"https:\/\/api.w.org\/{rel}","templated":true}]}}