{"id":479149,"date":"2022-06-10T18:44:57","date_gmt":"2022-06-10T16:44:57","guid":{"rendered":"https:\/\/lucacastelli.com\/?post_type=product&#038;p=479149"},"modified":"2026-03-01T00:26:29","modified_gmt":"2026-02-28T23:26:29","slug":"crazy-weste-alpinstar-light","status":"publish","type":"product","link":"https:\/\/lucacastelli.com\/de\/produkt\/crazy-weste-alpinstar-light\/","title":{"rendered":"CRAZY WESTE ALPINSTAR LIGHT"},"content":{"rendered":"<p>Softshell-Weste, ein Kleidungsst\u00fcck f\u00fcr aktives Trekking, sehr atmungsaktiv mit gutem Windschutz. Hergestellt aus Endurance-Gewebe, das aufgrund seiner Eigenschaften wie Leichtigkeit, Atmungsaktivit\u00e4t, Wetterschutz, Wasserabweisung und Elastizit\u00e4t auch f\u00fcr alle technischen Hosen verwendet wird, besteht die Vorderseite aus Mikrofaser, die mit Graphen-Garn hergestellt wird. Der hohe und enge Kragen, zwei gro\u00dfe Taschen mit Rei\u00dfverschluss und die normale Passform sind die Hauptmerkmale.  <\/p>\n<p>Funktionen:<\/p>\n<p>Hoher und eng anliegender<br \/>\nKragen Zwei gro\u00dfe Seitentaschen mit Rei\u00dfverschluss<br \/>\nRei\u00dfverschluss zum \u00d6ffnen mit Schutzklappe<br \/>\nReflektierende Eins\u00e4tze und Logos<\/p>\n","protected":false},"excerpt":{"rendered":"<p>Softshell-Weste, ein Kleidungsst\u00fcck f\u00fcr aktives Trekking, sehr atmungsaktiv mit gutem Windschutz. Hergestellt aus Endurance-Gewebe, das aufgrund seiner Eigenschaften wie Leichtigkeit,<\/p>\n","protected":false},"featured_media":65298,"template":"","meta":{"_seopress_robots_primary_cat":"","_seopress_titles_title":"","_seopress_titles_desc":"","_seopress_robots_index":""},"product_brand":[3413],"product_cat":[21,189,200],"product_tag":[],"class_list":{"0":"post-479149","1":"product","2":"type-product","3":"status-publish","4":"has-post-thumbnail","6":"product_brand-crazy","7":"product_cat-abbigliamento","8":"product_cat-abbigliamento-per-il-tempo-libero","9":"product_cat-abbigliamento-da-donna","10":"sws-gruppo-abb-libero-de","11":"sws-conto-ricavi-merci-rivendita-abbigliamento-de","12":"sws-gruppo-iva-iva81-de","14":"first","15":"instock","16":"shipping-taxable","17":"purchasable","18":"product-type-variable"},"_links":{"self":[{"href":"https:\/\/lucacastelli.com\/de\/wp-json\/wp\/v2\/product\/479149","targetHints":{"allow":["GET"]}}],"collection":[{"href":"https:\/\/lucacastelli.com\/de\/wp-json\/wp\/v2\/product"}],"about":[{"href":"https:\/\/lucacastelli.com\/de\/wp-json\/wp\/v2\/types\/product"}],"wp:featuredmedia":[{"embeddable":true,"href":"https:\/\/lucacastelli.com\/de\/wp-json\/wp\/v2\/media\/65298"}],"wp:attachment":[{"href":"https:\/\/lucacastelli.com\/de\/wp-json\/wp\/v2\/media?parent=479149"}],"wp:term":[{"taxonomy":"product_brand","embeddable":true,"href":"https:\/\/lucacastelli.com\/de\/wp-json\/wp\/v2\/product_brand?post=479149"},{"taxonomy":"product_cat","embeddable":true,"href":"https:\/\/lucacastelli.com\/de\/wp-json\/wp\/v2\/product_cat?post=479149"},{"taxonomy":"product_tag","embeddable":true,"href":"https:\/\/lucacastelli.com\/de\/wp-json\/wp\/v2\/product_tag?post=479149"}],"curies":[{"name":"wp","href":"https:\/\/api.w.org\/{rel}","templated":true}]}}