{"id":479137,"date":"2022-06-10T18:53:06","date_gmt":"2022-06-10T16:53:06","guid":{"rendered":"https:\/\/lucacastelli.com\/?post_type=product&#038;p=479137"},"modified":"2026-04-15T00:02:12","modified_gmt":"2026-04-14T22:02:12","slug":"crazy-kurze-auflosung","status":"publish","type":"product","link":"https:\/\/lucacastelli.com\/de\/produkt\/crazy-kurze-auflosung\/","title":{"rendered":"CRAZY KURZE AUFL\u00d6SUNG"},"content":{"rendered":"<p>Shorts sind nicht alle gleich, der Stil, der Komfort und die feine Konstruktion der Resolution machen diese Hose v\u00f6llig anders als alle anderen, perfekt f\u00fcr einen aktiven Tag im Freien. Hergestellt aus leichtem, atmungsaktivem und bi-elastischem Endurance Light, offener Bund mit super widerstandsf\u00e4higen, ultraflachen &#8220;COBRAX&#8221;-Kn\u00f6pfen, Seitentaschen und aufgesetzter Tasche am Bein mit Rei\u00dfverschluss. <\/p>\n<p>Funktionen:<\/p>\n<p>2 seitlich verschwei\u00dfte Taschen + 1 am Bein mit Rei\u00dfverschluss<br \/>\nOffene Taille<br \/>\nSehr widerstandsf\u00e4hige, ultraflache Taillenkn\u00f6pfe, Modell COBRAX<\/p>\n","protected":false},"excerpt":{"rendered":"<p>Shorts sind nicht alle gleich, der Stil, der Komfort und die feine Konstruktion der Resolution machen diese Hose v\u00f6llig anders<\/p>\n","protected":false},"featured_media":65314,"template":"","meta":{"_seopress_robots_primary_cat":"","_seopress_titles_title":"","_seopress_titles_desc":"","_seopress_robots_index":""},"product_brand":[3614],"product_cat":[974,975,82],"product_tag":[],"class_list":{"0":"post-479137","1":"product","2":"type-product","3":"status-publish","4":"has-post-thumbnail","6":"product_brand-crazy-de","7":"product_cat-freizeitkleidung","8":"product_cat-herrenbekleidung","9":"product_cat-kleidung","10":"sws-gruppo-abb-libero","11":"sws-conto-ricavi-merci-rivendita-abbigliamento","12":"sws-gruppo-iva-iva81","14":"first","15":"instock","16":"sale","17":"shipping-taxable","18":"purchasable","19":"product-type-variable"},"_links":{"self":[{"href":"https:\/\/lucacastelli.com\/de\/wp-json\/wp\/v2\/product\/479137","targetHints":{"allow":["GET"]}}],"collection":[{"href":"https:\/\/lucacastelli.com\/de\/wp-json\/wp\/v2\/product"}],"about":[{"href":"https:\/\/lucacastelli.com\/de\/wp-json\/wp\/v2\/types\/product"}],"wp:featuredmedia":[{"embeddable":true,"href":"https:\/\/lucacastelli.com\/de\/wp-json\/wp\/v2\/media\/65314"}],"wp:attachment":[{"href":"https:\/\/lucacastelli.com\/de\/wp-json\/wp\/v2\/media?parent=479137"}],"wp:term":[{"taxonomy":"product_brand","embeddable":true,"href":"https:\/\/lucacastelli.com\/de\/wp-json\/wp\/v2\/product_brand?post=479137"},{"taxonomy":"product_cat","embeddable":true,"href":"https:\/\/lucacastelli.com\/de\/wp-json\/wp\/v2\/product_cat?post=479137"},{"taxonomy":"product_tag","embeddable":true,"href":"https:\/\/lucacastelli.com\/de\/wp-json\/wp\/v2\/product_tag?post=479137"}],"curies":[{"name":"wp","href":"https:\/\/api.w.org\/{rel}","templated":true}]}}