{"id":479129,"date":"2022-06-10T14:24:12","date_gmt":"2022-06-10T12:24:12","guid":{"rendered":"https:\/\/lucacastelli.com\/?post_type=product&#038;p=479129"},"modified":"2026-03-01T00:26:28","modified_gmt":"2026-02-28T23:26:28","slug":"crazy-pant-mittlerer-druck","status":"publish","type":"product","link":"https:\/\/lucacastelli.com\/de\/produkt\/crazy-pant-mittlerer-druck\/","title":{"rendered":"CRAZY PANT MITTLERER DRUCK"},"content":{"rendered":"<p>3\/4 Hose f\u00fcr lange Workouts, ideal f\u00fcr die Zwischensaison oder zum Laufen in gro\u00dfer H\u00f6he. Hergestellt aus differenzierten Stoffen, Revolutional Slim, die helfen, Milchs\u00e4ure abzuleiten und die Mikrozirkulation zu verbessern. Mikroperforierte Lasercut-Technologie zur Unterscheidung der Bereiche, in denen eine bessere Bel\u00fcftung erforderlich ist. Roh geschnittener Saum am unteren Bein. Der bequeme Bund ist mit einer gro\u00dfen Netztasche und einer mit R\u00fcckentasche mit Rei\u00dfverschluss sowie zwei Taschen mit einfachem Taschenverschluss an den Seiten ausgestattet, die mit reflektierenden Logos verziert sind.    <\/p>\n<p>Differenzierte<br \/>\nStoffe Differenzierte Atmungsaktivit\u00e4tsbereiche mit gelaserten<br \/>\nMikrobereichen Bund mit mehreren Taschen und Ges\u00e4\u00dftasche mit Rei\u00dfverschluss<br \/>\nZwei Taschen mit einfachem Taschenverschluss an den Seiten<\/p>\n","protected":false},"excerpt":{"rendered":"<p>3\/4 Hose f\u00fcr lange Workouts, ideal f\u00fcr die Zwischensaison oder zum Laufen in gro\u00dfer H\u00f6he. Hergestellt aus differenzierten Stoffen, Revolutional<\/p>\n","protected":false},"featured_media":64818,"template":"","meta":{"_seopress_robots_primary_cat":"","_seopress_titles_title":"","_seopress_titles_desc":"","_seopress_robots_index":""},"product_brand":[3614],"product_cat":[1388,974,82],"product_tag":[],"class_list":{"0":"post-479129","1":"product","2":"type-product","3":"status-publish","4":"has-post-thumbnail","6":"product_brand-crazy-de","7":"product_cat-damenbekleidung","8":"product_cat-freizeitkleidung","9":"product_cat-kleidung","10":"sws-gruppo-abb-libero-de","11":"sws-conto-ricavi-merci-rivendita-abbigliamento-de","12":"sws-gruppo-iva-iva81-de","14":"first","15":"instock","16":"shipping-taxable","17":"purchasable","18":"product-type-variable"},"_links":{"self":[{"href":"https:\/\/lucacastelli.com\/de\/wp-json\/wp\/v2\/product\/479129","targetHints":{"allow":["GET"]}}],"collection":[{"href":"https:\/\/lucacastelli.com\/de\/wp-json\/wp\/v2\/product"}],"about":[{"href":"https:\/\/lucacastelli.com\/de\/wp-json\/wp\/v2\/types\/product"}],"wp:featuredmedia":[{"embeddable":true,"href":"https:\/\/lucacastelli.com\/de\/wp-json\/wp\/v2\/media\/64818"}],"wp:attachment":[{"href":"https:\/\/lucacastelli.com\/de\/wp-json\/wp\/v2\/media?parent=479129"}],"wp:term":[{"taxonomy":"product_brand","embeddable":true,"href":"https:\/\/lucacastelli.com\/de\/wp-json\/wp\/v2\/product_brand?post=479129"},{"taxonomy":"product_cat","embeddable":true,"href":"https:\/\/lucacastelli.com\/de\/wp-json\/wp\/v2\/product_cat?post=479129"},{"taxonomy":"product_tag","embeddable":true,"href":"https:\/\/lucacastelli.com\/de\/wp-json\/wp\/v2\/product_tag?post=479129"}],"curies":[{"name":"wp","href":"https:\/\/api.w.org\/{rel}","templated":true}]}}