{"id":479097,"date":"2022-06-10T14:18:27","date_gmt":"2022-06-10T12:18:27","guid":{"rendered":"https:\/\/lucacastelli.com\/?post_type=product&#038;p=479097"},"modified":"2026-04-18T01:30:31","modified_gmt":"2026-04-17T23:30:31","slug":"crazy-t-shirt-ionic","status":"publish","type":"product","link":"https:\/\/lucacastelli.com\/de\/produkt\/crazy-t-shirt-ionic\/","title":{"rendered":"CRAZY T-SHIRT IONIC"},"content":{"rendered":"<p>Ionic ist der Name der bekanntesten Trekking-Kollektion f\u00fcr Damen von Crazy; das T-Shirt verk\u00f6rpert dieses Konzept. Das verwendete Material ist eine k\u00fchle G2-Mikrofaser mit geruchshemmender und schnelltrocknender HEIQ-Behandlung. Es verf\u00fcgt \u00fcber einen V-Ausschnitt, Flachn\u00e4hte und reflektierende Logos.  <\/p>\n<p>Merkmale:<\/p>\n<p>V-Ausschnitt<br \/>\nKontrastfarbene Flachn\u00e4hte<br \/>\nDifferenzierte Gewebe mit HEIQ Rapid Dry-Behandlung<\/p>\n","protected":false},"excerpt":{"rendered":"<p>Ionic ist der Name der bekanntesten Trekking-Kollektion f\u00fcr Damen von Crazy; das T-Shirt verk\u00f6rpert dieses Konzept. Das verwendete Material ist<\/p>\n","protected":false},"featured_media":64775,"template":"","meta":{"_seopress_robots_primary_cat":"","_seopress_titles_title":"","_seopress_titles_desc":"","_seopress_robots_index":""},"product_brand":[3614],"product_cat":[82,974,1388],"product_tag":[],"class_list":{"0":"post-479097","1":"product","2":"type-product","3":"status-publish","4":"has-post-thumbnail","6":"product_brand-crazy-de","7":"product_cat-kleidung","8":"product_cat-freizeitkleidung","9":"product_cat-damenbekleidung","10":"sws-gruppo-abb-libero-de","11":"sws-conto-ricavi-merci-rivendita-abbigliamento-de","12":"sws-gruppo-iva-iva81-de","14":"first","15":"instock","16":"sale","17":"shipping-taxable","18":"product-type-variable"},"_links":{"self":[{"href":"https:\/\/lucacastelli.com\/de\/wp-json\/wp\/v2\/product\/479097","targetHints":{"allow":["GET"]}}],"collection":[{"href":"https:\/\/lucacastelli.com\/de\/wp-json\/wp\/v2\/product"}],"about":[{"href":"https:\/\/lucacastelli.com\/de\/wp-json\/wp\/v2\/types\/product"}],"wp:featuredmedia":[{"embeddable":true,"href":"https:\/\/lucacastelli.com\/de\/wp-json\/wp\/v2\/media\/64775"}],"wp:attachment":[{"href":"https:\/\/lucacastelli.com\/de\/wp-json\/wp\/v2\/media?parent=479097"}],"wp:term":[{"taxonomy":"product_brand","embeddable":true,"href":"https:\/\/lucacastelli.com\/de\/wp-json\/wp\/v2\/product_brand?post=479097"},{"taxonomy":"product_cat","embeddable":true,"href":"https:\/\/lucacastelli.com\/de\/wp-json\/wp\/v2\/product_cat?post=479097"},{"taxonomy":"product_tag","embeddable":true,"href":"https:\/\/lucacastelli.com\/de\/wp-json\/wp\/v2\/product_tag?post=479097"}],"curies":[{"name":"wp","href":"https:\/\/api.w.org\/{rel}","templated":true}]}}