{"id":479072,"date":"2022-06-10T05:01:30","date_gmt":"2022-06-10T03:01:30","guid":{"rendered":"https:\/\/lucacastelli.com\/?post_type=product&#038;p=479072"},"modified":"2026-04-18T01:30:37","modified_gmt":"2026-04-17T23:30:37","slug":"crazy-t-shirt-schragstrich","status":"publish","type":"product","link":"https:\/\/lucacastelli.com\/de\/produkt\/crazy-t-shirt-schragstrich\/","title":{"rendered":"CRAZY T-SHIRT SLASH"},"content":{"rendered":"<p>T-Shirt f\u00fcr L\u00e4ufe an extrem hei\u00dfen Tagen, gefertigt aus unglaublich atmungsaktivem und leichtem On\/Off-Gewebe. Integriertes Innentop aus schnelltrocknender Mikrofaser, dank Mikroknopf auf der R\u00fcckseite leicht abnehmbar. Abgerundeter Saum mit seitlichen Netzeins\u00e4tzen.  <\/p>\n<p>Merkmale:<\/p>\n<p>Sehr atmungsaktives und leichtes Gewebe<br \/>\nInnentop aus Mikrofaser<\/p>\n","protected":false},"excerpt":{"rendered":"<p>T-Shirt f\u00fcr L\u00e4ufe an extrem hei\u00dfen Tagen, gefertigt aus unglaublich atmungsaktivem und leichtem On\/Off-Gewebe. Integriertes Innentop aus schnelltrocknender Mikrofaser, dank<\/p>\n","protected":false},"featured_media":64091,"template":"","meta":{"_seopress_robots_primary_cat":"","_seopress_titles_title":"","_seopress_titles_desc":"","_seopress_robots_index":""},"product_brand":[3614],"product_cat":[1388,974,82],"product_tag":[],"class_list":{"0":"post-479072","1":"product","2":"type-product","3":"status-publish","4":"has-post-thumbnail","6":"product_brand-crazy-de","7":"product_cat-damenbekleidung","8":"product_cat-freizeitkleidung","9":"product_cat-kleidung","10":"sws-gruppo-abb-libero","11":"sws-conto-ricavi-merci-rivendita-abbigliamento","12":"sws-gruppo-iva-iva81","14":"first","15":"instock","16":"sale","17":"shipping-taxable","18":"product-type-variable"},"_links":{"self":[{"href":"https:\/\/lucacastelli.com\/de\/wp-json\/wp\/v2\/product\/479072","targetHints":{"allow":["GET"]}}],"collection":[{"href":"https:\/\/lucacastelli.com\/de\/wp-json\/wp\/v2\/product"}],"about":[{"href":"https:\/\/lucacastelli.com\/de\/wp-json\/wp\/v2\/types\/product"}],"wp:featuredmedia":[{"embeddable":true,"href":"https:\/\/lucacastelli.com\/de\/wp-json\/wp\/v2\/media\/64091"}],"wp:attachment":[{"href":"https:\/\/lucacastelli.com\/de\/wp-json\/wp\/v2\/media?parent=479072"}],"wp:term":[{"taxonomy":"product_brand","embeddable":true,"href":"https:\/\/lucacastelli.com\/de\/wp-json\/wp\/v2\/product_brand?post=479072"},{"taxonomy":"product_cat","embeddable":true,"href":"https:\/\/lucacastelli.com\/de\/wp-json\/wp\/v2\/product_cat?post=479072"},{"taxonomy":"product_tag","embeddable":true,"href":"https:\/\/lucacastelli.com\/de\/wp-json\/wp\/v2\/product_tag?post=479072"}],"curies":[{"name":"wp","href":"https:\/\/api.w.org\/{rel}","templated":true}]}}