{"id":479048,"date":"2022-06-10T03:18:53","date_gmt":"2022-06-10T01:18:53","guid":{"rendered":"https:\/\/lucacastelli.com\/?post_type=product&#038;p=479048"},"modified":"2026-04-18T01:27:36","modified_gmt":"2026-04-17T23:27:36","slug":"crazy-t-shirt-aloha","status":"publish","type":"product","link":"https:\/\/lucacastelli.com\/de\/produkt\/crazy-t-shirt-aloha\/","title":{"rendered":"CRAZY T-SHIRT ALOHA"},"content":{"rendered":"<p>Das T-Shirt Aloha verk\u00f6rpert den Lifestyle von Crazy: ein junger, farbenfroher und fr\u00f6hlicher Stil. Hergestellt aus k\u00fchlem, all-over bedrucktem Polyester-Viskose-Gewebe, ist es ideal f\u00fcr die hei\u00dfesten Tage. Die Twist-Konstruktion mit Schr\u00e4gschnitt und Schlitz am hinteren Saum sorgt f\u00fcr eine charakteristische, unkonventionelle Passform.  <\/p>\n<p>Vollst\u00e4ndig bedruckt<br \/>\nAtmungsaktiv<br \/>\nTwister-Konstruktion<\/p>\n","protected":false},"excerpt":{"rendered":"<p>Das T-Shirt Aloha verk\u00f6rpert den Lifestyle von Crazy: ein junger, farbenfroher und fr\u00f6hlicher Stil. Hergestellt aus k\u00fchlem, all-over bedrucktem Polyester-Viskose-Gewebe,<\/p>\n","protected":false},"featured_media":63611,"template":"","meta":{"_seopress_robots_primary_cat":"","_seopress_titles_title":"","_seopress_titles_desc":"","_seopress_robots_index":""},"product_brand":[3614],"product_cat":[1388,974,82],"product_tag":[],"class_list":{"0":"post-479048","1":"product","2":"type-product","3":"status-publish","4":"has-post-thumbnail","6":"product_brand-crazy-de","7":"product_cat-damenbekleidung","8":"product_cat-freizeitkleidung","9":"product_cat-kleidung","10":"sws-gruppo-abb-libero","11":"sws-conto-ricavi-merci-rivendita-abbigliamento","12":"sws-gruppo-iva-iva81","14":"first","15":"instock","16":"sale","17":"shipping-taxable","18":"product-type-variable"},"_links":{"self":[{"href":"https:\/\/lucacastelli.com\/de\/wp-json\/wp\/v2\/product\/479048","targetHints":{"allow":["GET"]}}],"collection":[{"href":"https:\/\/lucacastelli.com\/de\/wp-json\/wp\/v2\/product"}],"about":[{"href":"https:\/\/lucacastelli.com\/de\/wp-json\/wp\/v2\/types\/product"}],"wp:featuredmedia":[{"embeddable":true,"href":"https:\/\/lucacastelli.com\/de\/wp-json\/wp\/v2\/media\/63611"}],"wp:attachment":[{"href":"https:\/\/lucacastelli.com\/de\/wp-json\/wp\/v2\/media?parent=479048"}],"wp:term":[{"taxonomy":"product_brand","embeddable":true,"href":"https:\/\/lucacastelli.com\/de\/wp-json\/wp\/v2\/product_brand?post=479048"},{"taxonomy":"product_cat","embeddable":true,"href":"https:\/\/lucacastelli.com\/de\/wp-json\/wp\/v2\/product_cat?post=479048"},{"taxonomy":"product_tag","embeddable":true,"href":"https:\/\/lucacastelli.com\/de\/wp-json\/wp\/v2\/product_tag?post=479048"}],"curies":[{"name":"wp","href":"https:\/\/api.w.org\/{rel}","templated":true}]}}