{"id":479022,"date":"2022-06-10T02:16:58","date_gmt":"2022-06-10T00:16:58","guid":{"rendered":"https:\/\/lucacastelli.com\/?post_type=product&#038;p=479022"},"modified":"2026-03-01T00:26:32","modified_gmt":"2026-02-28T23:26:32","slug":"crazy-alpinstar-shorts","status":"publish","type":"product","link":"https:\/\/lucacastelli.com\/de\/produkt\/crazy-alpinstar-shorts\/","title":{"rendered":"CRAZY ALPINSTAR SHORTS"},"content":{"rendered":"<p>Die Trekkingshorts, das hohe elastische Detail auf dem R\u00fccken und die offene Taille garantieren eine unglaubliche Passform und Komfort. Das Wissen und das Studium der Bed\u00fcrfnisse der Frauen, garantiert durch unsere rein weibliche Produktabteilung, sind unerl\u00e4sslich, um Kleidungsst\u00fccke anzubieten, die bis ins kleinste Detail f\u00fcr unsere treuen &#8220;Fans&#8221; entworfen wurden. Hergestellt aus leichtem Endurance-Gewebe, frisch, widerstandsf\u00e4hig und bi-elastisch. Elastisches R\u00fcckenband, vorne offen mit Rei\u00dfverschluss. Einschubtaschen mit Rei\u00dfverschluss, offene Tasche am rechten Bein    <\/p>\n<p>2 Seitentaschen mit Rei\u00dfverschluss<br \/>\n1 offene Tasche am rechten<br \/>\nBein Offener Bund mit Gummizug<\/p>\n","protected":false},"excerpt":{"rendered":"<p>Die Trekkingshorts, das hohe elastische Detail auf dem R\u00fccken und die offene Taille garantieren eine unglaubliche Passform und Komfort. Das<\/p>\n","protected":false},"featured_media":63387,"template":"","meta":{"_seopress_robots_primary_cat":"","_seopress_titles_title":"","_seopress_titles_desc":"","_seopress_robots_index":""},"product_brand":[3413],"product_cat":[21,189,200],"product_tag":[],"class_list":{"0":"post-479022","1":"product","2":"type-product","3":"status-publish","4":"has-post-thumbnail","6":"product_brand-crazy","7":"product_cat-abbigliamento","8":"product_cat-abbigliamento-per-il-tempo-libero","9":"product_cat-abbigliamento-da-donna","10":"sws-gruppo-abb-libero-de","11":"sws-conto-ricavi-merci-rivendita-abbigliamento-de","12":"sws-gruppo-iva-iva81-de","14":"first","15":"instock","16":"shipping-taxable","17":"purchasable","18":"product-type-variable"},"_links":{"self":[{"href":"https:\/\/lucacastelli.com\/de\/wp-json\/wp\/v2\/product\/479022","targetHints":{"allow":["GET"]}}],"collection":[{"href":"https:\/\/lucacastelli.com\/de\/wp-json\/wp\/v2\/product"}],"about":[{"href":"https:\/\/lucacastelli.com\/de\/wp-json\/wp\/v2\/types\/product"}],"wp:featuredmedia":[{"embeddable":true,"href":"https:\/\/lucacastelli.com\/de\/wp-json\/wp\/v2\/media\/63387"}],"wp:attachment":[{"href":"https:\/\/lucacastelli.com\/de\/wp-json\/wp\/v2\/media?parent=479022"}],"wp:term":[{"taxonomy":"product_brand","embeddable":true,"href":"https:\/\/lucacastelli.com\/de\/wp-json\/wp\/v2\/product_brand?post=479022"},{"taxonomy":"product_cat","embeddable":true,"href":"https:\/\/lucacastelli.com\/de\/wp-json\/wp\/v2\/product_cat?post=479022"},{"taxonomy":"product_tag","embeddable":true,"href":"https:\/\/lucacastelli.com\/de\/wp-json\/wp\/v2\/product_tag?post=479022"}],"curies":[{"name":"wp","href":"https:\/\/api.w.org\/{rel}","templated":true}]}}